{"id":492,"date":"2021-01-13T13:34:32","date_gmt":"2021-01-13T13:34:32","guid":{"rendered":"https:\/\/marefalva.ch\/?page_id=492"},"modified":"2021-02-01T11:45:38","modified_gmt":"2021-02-01T11:45:38","slug":"8-september-2020-nachricht-aus-marefalva","status":"publish","type":"page","link":"https:\/\/marefalva.ch\/?page_id=492","title":{"rendered":"8. September 2020 &#8211; Nachricht aus M\u00e1r\u00e9falva"},"content":{"rendered":"\t\t<div data-elementor-type=\"wp-page\" data-elementor-id=\"492\" class=\"elementor elementor-492\">\n\t\t\t\t\t\t<div class=\"elementor-inner\">\n\t\t\t\t<div class=\"elementor-section-wrap\">\n\t\t\t\t\t\t\t\t\t<section class=\"elementor-section elementor-top-section elementor-element elementor-element-17511e1 elementor-section-stretched elementor-section-boxed elementor-section-height-default elementor-section-height-default\" data-id=\"17511e1\" data-element_type=\"section\" data-settings=\"{&quot;stretch_section&quot;:&quot;section-stretched&quot;,&quot;background_background&quot;:&quot;classic&quot;}\">\n\t\t\t\t\t\t<div class=\"elementor-container elementor-column-gap-default\">\n\t\t\t\t\t\t\t<div class=\"elementor-row\">\n\t\t\t\t\t<div class=\"elementor-column elementor-col-100 elementor-top-column elementor-element elementor-element-4b69a69\" data-id=\"4b69a69\" data-element_type=\"column\">\n\t\t\t<div class=\"elementor-column-wrap elementor-element-populated\">\n\t\t\t\t\t\t\t<div class=\"elementor-widget-wrap\">\n\t\t\t\t\t\t<div class=\"elementor-element elementor-element-0217615 elementor-widget elementor-widget-text-editor\" data-id=\"0217615\" data-element_type=\"widget\" data-widget_type=\"text-editor.default\">\n\t\t\t\t<div class=\"elementor-widget-container\">\n\t\t\t\t\t\t\t\t<div class=\"elementor-text-editor elementor-clearfix\">\n\t\t\t\t<p><br><\/p>\n<p><br><\/p><p><br><\/p>\n<p><br><\/p>\n<p><br><\/p>\n<p>8. September 2020 &#8211; Nachricht aus M\u00e1r\u00e9falva<\/p>\n<p><br><\/p>\n<p><br><\/p>\n<p><br><\/p>\n<p><br><\/p>\n<p><br><\/p>\t\t\t\t\t<\/div>\n\t\t\t\t\t\t<\/div>\n\t\t\t\t<\/div>\n\t\t\t\t\t\t<\/div>\n\t\t\t\t\t<\/div>\n\t\t<\/div>\n\t\t\t\t\t\t\t\t<\/div>\n\t\t\t\t\t<\/div>\n\t\t<\/section>\n\t\t\t\t<section class=\"elementor-section elementor-top-section elementor-element elementor-element-7092c7c7 elementor-section-boxed elementor-section-height-default elementor-section-height-default\" data-id=\"7092c7c7\" data-element_type=\"section\">\n\t\t\t\t\t\t<div class=\"elementor-container elementor-column-gap-default\">\n\t\t\t\t\t\t\t<div class=\"elementor-row\">\n\t\t\t\t\t<div class=\"elementor-column elementor-col-100 elementor-top-column elementor-element elementor-element-140d21b2\" data-id=\"140d21b2\" data-element_type=\"column\">\n\t\t\t<div class=\"elementor-column-wrap elementor-element-populated\">\n\t\t\t\t\t\t\t<div class=\"elementor-widget-wrap\">\n\t\t\t\t\t\t<div class=\"elementor-element elementor-element-628747ed elementor-widget elementor-widget-text-editor\" data-id=\"628747ed\" data-element_type=\"widget\" data-widget_type=\"text-editor.default\">\n\t\t\t\t<div class=\"elementor-widget-container\">\n\t\t\t\t\t\t\t\t<div class=\"elementor-text-editor elementor-clearfix\">\n\t\t\t\t<p><strong>Eine positive und erfreuliche Nachricht von Bal\u00e1zs D\u00e1vid aus M\u00e1r\u00e9falva hat uns erreicht! Er schildert die Fortschritte in der Umsetzung des Projektes.<\/strong><\/p><p>Dear Friends, Dear Andreas!<\/p><p>After a long period of silence, I am pleased to tell you that I can share a bunch of good news and positive developments with you.<\/p><p>Above all, I can inform you that we received\u00a0 in may a total of 96 Siemmentalian pied cattles, this being the basis of our (starting) livestock. I\u2019ve got to tell you that they are absolutely cute calves, ranged from 8 to 18 months of age.<\/p><p>Together with my fellows we have put in lots of hours of work to organize and control proper grazing of the animals, and \u2013 believe it or not \u2013 since the end of april we spent every single weekend with collective work. We have managed to make five drinking troughs on the pasture providing the animals with clean drinking. We have built an electric fence, and we have cleaned the pasture.<\/p><p>It was a delightfull experience to drive the animals out to pasture. When they arrived in may, we put them for three days in a cattle corral for them to get used to one another as well as to the electric fence. We were worried at first, becasue we knew that driving the calves out to pasture would be a bit risky at the beginning, knowing that grazing the pasture they would tend to spread out, but luckily everything went just perfect. We hired a cowherd who constantly looks after the calves but we also check them regularly, and look after their necessary therapy as well.<\/p><p>So far we have had no bear attacks, but we are affraid of this potential danger, in spite of the fact that we have a full coverage livestock insurance.<\/p><p>Another important task still needs to be solved is the housing conditions for the livestock for the winter until the new co-operative barn is completed. For the time being we are renting an adequate building to their needs. So far we have made aprox. 250 tones of hay (stored in the rented building), and we will soon start building some more livestock drinking troughs for the winter.<\/p><p>Our plan is to inseminate them in 2021, and they should be calving hopefully in 2022, for the first time.<\/p><p>We are continuously working on the implementation of the project. The implementation planning will be completed soon, after which the authorization of it should follow, and we hope to start the building operations before winter or in spring 2021.<\/p><p>In the meantime even the delivery of the machinary has occured. We have received as follows: two 80 horsepower Fendt tractors; one front loader truck; one hay bale delivery truck; one 6 000L tank truck; one rotary mower; one big mowing machine; one baling press machine; one tedder machine; one manure spreader; one snow plow. These machines have been set-up, and we have already used some of them for haymaking.<\/p><p>To be honest, I am delighted to be part of this grand project, and it is a pleasure for me to take part in this teamwork. Although we talk about a constantly tuff and draining work, but I have to tell you that it is very satisfying, and by the end of each day I feel that the hard work really pays off.<\/p><p>To conclude, I once again would like to thank you for your help and trust. We are in constant touch with Andreas, and if you have any questions or need further information please fell free to contact us or Andreas with confidence.<\/p><p>Best regards,<\/p><p>Bal\u00e1zs<\/p>\t\t\t\t\t<\/div>\n\t\t\t\t\t\t<\/div>\n\t\t\t\t<\/div>\n\t\t\t\t<div class=\"elementor-element elementor-element-028d896 elementor-widget elementor-widget-image\" data-id=\"028d896\" data-element_type=\"widget\" data-widget_type=\"image.default\">\n\t\t\t\t<div class=\"elementor-widget-container\">\n\t\t\t\t\t\t\t\t<div class=\"elementor-image\">\n\t\t\t\t\t\t\t\t\t\t\t\t<img width=\"1000\" height=\"666\" src=\"https:\/\/marefalva.ch\/wp-content\/uploads\/2021\/01\/Rumaenien_zwei-Kuehe_1.jpg\" class=\"attachment-large size-large wp-image-995\" alt=\"\" loading=\"lazy\" srcset=\"https:\/\/marefalva.ch\/wp-content\/uploads\/2021\/01\/Rumaenien_zwei-Kuehe_1.jpg 1000w, https:\/\/marefalva.ch\/wp-content\/uploads\/2021\/01\/Rumaenien_zwei-Kuehe_1-300x200.jpg 300w, https:\/\/marefalva.ch\/wp-content\/uploads\/2021\/01\/Rumaenien_zwei-Kuehe_1-768x511.jpg 768w, https:\/\/marefalva.ch\/wp-content\/uploads\/2021\/01\/Rumaenien_zwei-Kuehe_1-174x116.jpg 174w\" sizes=\"(max-width: 1000px) 100vw, 1000px\" \/>\t\t\t\t\t\t\t\t\t\t\t\t\t\t<\/div>\n\t\t\t\t\t\t<\/div>\n\t\t\t\t<\/div>\n\t\t\t\t\t\t<\/div>\n\t\t\t\t\t<\/div>\n\t\t<\/div>\n\t\t\t\t\t\t\t\t<\/div>\n\t\t\t\t\t<\/div>\n\t\t<\/section>\n\t\t\t\t\t\t\t\t\t<\/div>\n\t\t\t<\/div>\n\t\t\t\t\t<\/div>\n\t\t","protected":false},"excerpt":{"rendered":"<p>8. September 2020 &#8211; Nachricht aus M\u00e1r\u00e9falva Eine positive und erfreuliche Nachricht von Bal\u00e1zs D\u00e1vid aus M\u00e1r\u00e9falva hat uns erreicht! Er schildert die Fortschritte in der Umsetzung des Projektes. Dear Friends, Dear Andreas! After a long period of silence, I am pleased to tell you that I can share a bunch of good news and<\/p>\n<div><a class=\"btn-filled btn\" href=\"https:\/\/marefalva.ch\/?page_id=492\" title=\"8. September 2020 &#8211; Nachricht aus M\u00e1r\u00e9falva\">Read More<\/a><\/div>\n","protected":false},"author":1,"featured_media":0,"parent":40,"menu_order":0,"comment_status":"closed","ping_status":"closed","template":"elementor_header_footer","meta":{"spay_email":""},"_links":{"self":[{"href":"https:\/\/marefalva.ch\/index.php?rest_route=\/wp\/v2\/pages\/492"}],"collection":[{"href":"https:\/\/marefalva.ch\/index.php?rest_route=\/wp\/v2\/pages"}],"about":[{"href":"https:\/\/marefalva.ch\/index.php?rest_route=\/wp\/v2\/types\/page"}],"author":[{"embeddable":true,"href":"https:\/\/marefalva.ch\/index.php?rest_route=\/wp\/v2\/users\/1"}],"replies":[{"embeddable":true,"href":"https:\/\/marefalva.ch\/index.php?rest_route=%2Fwp%2Fv2%2Fcomments&post=492"}],"version-history":[{"count":46,"href":"https:\/\/marefalva.ch\/index.php?rest_route=\/wp\/v2\/pages\/492\/revisions"}],"predecessor-version":[{"id":1390,"href":"https:\/\/marefalva.ch\/index.php?rest_route=\/wp\/v2\/pages\/492\/revisions\/1390"}],"up":[{"embeddable":true,"href":"https:\/\/marefalva.ch\/index.php?rest_route=\/wp\/v2\/pages\/40"}],"wp:attachment":[{"href":"https:\/\/marefalva.ch\/index.php?rest_route=%2Fwp%2Fv2%2Fmedia&parent=492"}],"curies":[{"name":"wp","href":"https:\/\/api.w.org\/{rel}","templated":true}]}}