{"id":16,"date":"2020-12-03T12:13:52","date_gmt":"2020-12-03T12:13:52","guid":{"rendered":"https:\/\/marefalva.ch\/?page_id=16"},"modified":"2021-06-05T14:24:41","modified_gmt":"2021-06-05T14:24:41","slug":"wie-kannst-du-helfen","status":"publish","type":"page","link":"https:\/\/marefalva.ch\/?page_id=16","title":{"rendered":"Wie kannst du helfen?"},"content":{"rendered":"\t\t<div data-elementor-type=\"wp-page\" data-elementor-id=\"16\" class=\"elementor elementor-16\">\n\t\t\t\t\t\t<div class=\"elementor-inner\">\n\t\t\t\t<div class=\"elementor-section-wrap\">\n\t\t\t\t\t\t\t\t\t<section class=\"elementor-section elementor-top-section elementor-element elementor-element-7d8b15e elementor-section-stretched elementor-section-boxed elementor-section-height-default elementor-section-height-default\" data-id=\"7d8b15e\" data-element_type=\"section\" data-settings=\"{&quot;stretch_section&quot;:&quot;section-stretched&quot;,&quot;background_background&quot;:&quot;classic&quot;}\">\n\t\t\t\t\t\t<div class=\"elementor-container elementor-column-gap-default\">\n\t\t\t\t\t\t\t<div class=\"elementor-row\">\n\t\t\t\t\t<div class=\"elementor-column elementor-col-100 elementor-top-column elementor-element elementor-element-1cdf926\" data-id=\"1cdf926\" data-element_type=\"column\">\n\t\t\t<div class=\"elementor-column-wrap elementor-element-populated\">\n\t\t\t\t\t\t\t<div class=\"elementor-widget-wrap\">\n\t\t\t\t\t\t<div class=\"elementor-element elementor-element-68851ff elementor-widget elementor-widget-text-editor\" data-id=\"68851ff\" data-element_type=\"widget\" data-widget_type=\"text-editor.default\">\n\t\t\t\t<div class=\"elementor-widget-container\">\n\t\t\t\t\t\t\t\t<div class=\"elementor-text-editor elementor-clearfix\">\n\t\t\t\t<p><br><\/p>\n<p><br><\/p>\n<p><br><\/p>\n<p><br><\/p>\n<p><br><\/p>\n<p>Wie kannst du helfen?<\/p><p><br><\/p>\n<p><br><\/p>\n<div><br><\/div>\n<div><br><\/div>\n<div><br><\/div>\n<div><br><\/div>\n<div><br><\/div>\t\t\t\t\t<\/div>\n\t\t\t\t\t\t<\/div>\n\t\t\t\t<\/div>\n\t\t\t\t\t\t<\/div>\n\t\t\t\t\t<\/div>\n\t\t<\/div>\n\t\t\t\t\t\t\t\t<\/div>\n\t\t\t\t\t<\/div>\n\t\t<\/section>\n\t\t\t\t<section class=\"elementor-section elementor-top-section elementor-element elementor-element-7171a3d elementor-section-boxed elementor-section-height-default elementor-section-height-default\" data-id=\"7171a3d\" data-element_type=\"section\">\n\t\t\t\t\t\t<div class=\"elementor-container elementor-column-gap-default\">\n\t\t\t\t\t\t\t<div class=\"elementor-row\">\n\t\t\t\t\t<div class=\"elementor-column elementor-col-100 elementor-top-column elementor-element elementor-element-5f951db\" data-id=\"5f951db\" data-element_type=\"column\">\n\t\t\t<div class=\"elementor-column-wrap elementor-element-populated\">\n\t\t\t\t\t\t\t<div class=\"elementor-widget-wrap\">\n\t\t\t\t\t\t<section class=\"elementor-section elementor-inner-section elementor-element elementor-element-eafcc2c elementor-section-boxed elementor-section-height-default elementor-section-height-default\" data-id=\"eafcc2c\" data-element_type=\"section\">\n\t\t\t\t\t\t<div class=\"elementor-container elementor-column-gap-wider\">\n\t\t\t\t\t\t\t<div class=\"elementor-row\">\n\t\t\t\t\t<div class=\"elementor-column elementor-col-50 elementor-inner-column elementor-element elementor-element-125bec4\" data-id=\"125bec4\" data-element_type=\"column\">\n\t\t\t<div class=\"elementor-column-wrap elementor-element-populated\">\n\t\t\t\t\t\t\t<div class=\"elementor-widget-wrap\">\n\t\t\t\t\t\t<div class=\"elementor-element elementor-element-d72c833 elementor-widget elementor-widget-text-editor\" data-id=\"d72c833\" data-element_type=\"widget\" data-widget_type=\"text-editor.default\">\n\t\t\t\t<div class=\"elementor-widget-container\">\n\t\t\t\t\t\t\t\t<div class=\"elementor-text-editor elementor-clearfix\">\n\t\t\t\t<p>Das Projekt ist auf Spendengelder angewiesen, da es weder vom Staat noch von der EU finanzielle Unterst\u00fctzung erh\u00e4lt.<\/p><p>Jeder gespendete Franken fliesst direkt in die Projektarbeit M\u00e1r\u00e9falva ein. Schon mit einer kleinen Spende kann eine bedeutende Wirkung erzielt werden.<\/p><p>Herzlichen Dank!<\/p><p><strong>Konto:<\/strong><\/p>\t\t\t\t\t<\/div>\n\t\t\t\t\t\t<\/div>\n\t\t\t\t<\/div>\n\t\t\t\t\t\t<\/div>\n\t\t\t\t\t<\/div>\n\t\t<\/div>\n\t\t\t\t<div class=\"elementor-column elementor-col-50 elementor-inner-column elementor-element elementor-element-9e0680c\" data-id=\"9e0680c\" data-element_type=\"column\">\n\t\t\t<div class=\"elementor-column-wrap elementor-element-populated\">\n\t\t\t\t\t\t\t<div class=\"elementor-widget-wrap\">\n\t\t\t\t\t\t<div class=\"elementor-element elementor-element-edb6ca2 elementor-widget elementor-widget-image\" data-id=\"edb6ca2\" data-element_type=\"widget\" data-widget_type=\"image.default\">\n\t\t\t\t<div class=\"elementor-widget-container\">\n\t\t\t\t\t\t\t\t<div class=\"elementor-image\">\n\t\t\t\t\t\t\t\t\t\t\t\t<img width=\"1000\" height=\"666\" src=\"https:\/\/marefalva.ch\/wp-content\/uploads\/2021\/01\/Rumaenien_Zwei-Herren-mit-Kutsche_3.jpg\" class=\"attachment-large size-large wp-image-977\" alt=\"\" loading=\"lazy\" srcset=\"https:\/\/marefalva.ch\/wp-content\/uploads\/2021\/01\/Rumaenien_Zwei-Herren-mit-Kutsche_3.jpg 1000w, https:\/\/marefalva.ch\/wp-content\/uploads\/2021\/01\/Rumaenien_Zwei-Herren-mit-Kutsche_3-300x200.jpg 300w, https:\/\/marefalva.ch\/wp-content\/uploads\/2021\/01\/Rumaenien_Zwei-Herren-mit-Kutsche_3-768x511.jpg 768w, https:\/\/marefalva.ch\/wp-content\/uploads\/2021\/01\/Rumaenien_Zwei-Herren-mit-Kutsche_3-174x116.jpg 174w\" sizes=\"(max-width: 1000px) 100vw, 1000px\" \/>\t\t\t\t\t\t\t\t\t\t\t\t\t\t<\/div>\n\t\t\t\t\t\t<\/div>\n\t\t\t\t<\/div>\n\t\t\t\t\t\t<\/div>\n\t\t\t\t\t<\/div>\n\t\t<\/div>\n\t\t\t\t\t\t\t\t<\/div>\n\t\t\t\t\t<\/div>\n\t\t<\/section>\n\t\t\t\t\t\t<\/div>\n\t\t\t\t\t<\/div>\n\t\t<\/div>\n\t\t\t\t\t\t\t\t<\/div>\n\t\t\t\t\t<\/div>\n\t\t<\/section>\n\t\t\t\t<section class=\"elementor-section elementor-top-section elementor-element elementor-element-c2b30e3 elementor-section-stretched elementor-section-boxed elementor-section-height-default elementor-section-height-default\" data-id=\"c2b30e3\" data-element_type=\"section\" data-settings=\"{&quot;stretch_section&quot;:&quot;section-stretched&quot;,&quot;background_background&quot;:&quot;classic&quot;}\">\n\t\t\t\t\t\t<div class=\"elementor-container elementor-column-gap-default\">\n\t\t\t\t\t\t\t<div class=\"elementor-row\">\n\t\t\t\t\t<div class=\"elementor-column elementor-col-100 elementor-top-column elementor-element elementor-element-8def1dc\" data-id=\"8def1dc\" data-element_type=\"column\">\n\t\t\t<div class=\"elementor-column-wrap elementor-element-populated\">\n\t\t\t\t\t\t\t<div class=\"elementor-widget-wrap\">\n\t\t\t\t\t\t<div class=\"elementor-element elementor-element-35048dc elementor-widget elementor-widget-spacer\" data-id=\"35048dc\" data-element_type=\"widget\" data-widget_type=\"spacer.default\">\n\t\t\t\t<div class=\"elementor-widget-container\">\n\t\t\t\t\t<div class=\"elementor-spacer\">\n\t\t\t<div class=\"elementor-spacer-inner\"><\/div>\n\t\t<\/div>\n\t\t\t\t<\/div>\n\t\t\t\t<\/div>\n\t\t\t\t\t\t<\/div>\n\t\t\t\t\t<\/div>\n\t\t<\/div>\n\t\t\t\t\t\t\t\t<\/div>\n\t\t\t\t\t<\/div>\n\t\t<\/section>\n\t\t\t\t\t\t\t\t\t<\/div>\n\t\t\t<\/div>\n\t\t\t\t\t<\/div>\n\t\t","protected":false},"excerpt":{"rendered":"<p>Wie kannst du helfen? Das Projekt ist auf Spendengelder angewiesen, da es weder vom Staat noch von der EU finanzielle Unterst\u00fctzung erh\u00e4lt. Jeder gespendete Franken fliesst direkt in die Projektarbeit M\u00e1r\u00e9falva ein. Schon mit einer kleinen Spende kann eine bedeutende Wirkung erzielt werden. Herzlichen Dank! Konto:<\/p>\n","protected":false},"author":1,"featured_media":0,"parent":0,"menu_order":0,"comment_status":"closed","ping_status":"closed","template":"elementor_header_footer","meta":{"spay_email":""},"_links":{"self":[{"href":"https:\/\/marefalva.ch\/index.php?rest_route=\/wp\/v2\/pages\/16"}],"collection":[{"href":"https:\/\/marefalva.ch\/index.php?rest_route=\/wp\/v2\/pages"}],"about":[{"href":"https:\/\/marefalva.ch\/index.php?rest_route=\/wp\/v2\/types\/page"}],"author":[{"embeddable":true,"href":"https:\/\/marefalva.ch\/index.php?rest_route=\/wp\/v2\/users\/1"}],"replies":[{"embeddable":true,"href":"https:\/\/marefalva.ch\/index.php?rest_route=%2Fwp%2Fv2%2Fcomments&post=16"}],"version-history":[{"count":74,"href":"https:\/\/marefalva.ch\/index.php?rest_route=\/wp\/v2\/pages\/16\/revisions"}],"predecessor-version":[{"id":1499,"href":"https:\/\/marefalva.ch\/index.php?rest_route=\/wp\/v2\/pages\/16\/revisions\/1499"}],"wp:attachment":[{"href":"https:\/\/marefalva.ch\/index.php?rest_route=%2Fwp%2Fv2%2Fmedia&parent=16"}],"curies":[{"name":"wp","href":"https:\/\/api.w.org\/{rel}","templated":true}]}}