{"id":15,"date":"2020-12-03T12:13:52","date_gmt":"2020-12-03T12:13:52","guid":{"rendered":"https:\/\/marefalva.ch\/?page_id=15"},"modified":"2021-01-28T12:30:55","modified_gmt":"2021-01-28T12:30:55","slug":"rumaenien","status":"publish","type":"page","link":"https:\/\/marefalva.ch\/?page_id=15","title":{"rendered":"Rum\u00e4nien"},"content":{"rendered":"\t\t<div data-elementor-type=\"wp-page\" data-elementor-id=\"15\" class=\"elementor elementor-15\">\n\t\t\t\t\t\t<div class=\"elementor-inner\">\n\t\t\t\t<div class=\"elementor-section-wrap\">\n\t\t\t\t\t\t\t\t\t<section class=\"elementor-section elementor-top-section elementor-element elementor-element-bfc0fbc elementor-section-stretched elementor-section-boxed elementor-section-height-default elementor-section-height-default\" data-id=\"bfc0fbc\" data-element_type=\"section\" data-settings=\"{&quot;stretch_section&quot;:&quot;section-stretched&quot;,&quot;background_background&quot;:&quot;classic&quot;}\">\n\t\t\t\t\t\t<div class=\"elementor-container elementor-column-gap-default\">\n\t\t\t\t\t\t\t<div class=\"elementor-row\">\n\t\t\t\t\t<div class=\"elementor-column elementor-col-100 elementor-top-column elementor-element elementor-element-6fe2baf\" data-id=\"6fe2baf\" data-element_type=\"column\">\n\t\t\t<div class=\"elementor-column-wrap elementor-element-populated\">\n\t\t\t\t\t\t\t<div class=\"elementor-widget-wrap\">\n\t\t\t\t\t\t<div class=\"elementor-element elementor-element-8ad8d65 elementor-widget elementor-widget-text-editor\" data-id=\"8ad8d65\" data-element_type=\"widget\" data-widget_type=\"text-editor.default\">\n\t\t\t\t<div class=\"elementor-widget-container\">\n\t\t\t\t\t\t\t\t<div class=\"elementor-text-editor elementor-clearfix\">\n\t\t\t\t<p><br><\/p>\n<p><br><\/p>\n<p><br><\/p>\n<p><br><\/p>\n<p>Rum\u00e4nien<\/p>\n<p><br><\/p>\n<p><br><\/p>\n<p><br><\/p>\n<p><br><\/p>\n<div><br><\/div><div><br><\/div>\t\t\t\t\t<\/div>\n\t\t\t\t\t\t<\/div>\n\t\t\t\t<\/div>\n\t\t\t\t\t\t<\/div>\n\t\t\t\t\t<\/div>\n\t\t<\/div>\n\t\t\t\t\t\t\t\t<\/div>\n\t\t\t\t\t<\/div>\n\t\t<\/section>\n\t\t\t\t<section class=\"elementor-section elementor-top-section elementor-element elementor-element-d982ac5 elementor-section-boxed elementor-section-height-default elementor-section-height-default\" data-id=\"d982ac5\" data-element_type=\"section\">\n\t\t\t\t\t\t<div class=\"elementor-container elementor-column-gap-default\">\n\t\t\t\t\t\t\t<div class=\"elementor-row\">\n\t\t\t\t\t<div class=\"elementor-column elementor-col-100 elementor-top-column elementor-element elementor-element-e79399d\" data-id=\"e79399d\" data-element_type=\"column\">\n\t\t\t<div class=\"elementor-column-wrap elementor-element-populated\">\n\t\t\t\t\t\t\t<div class=\"elementor-widget-wrap\">\n\t\t\t\t\t\t<section class=\"elementor-section elementor-inner-section elementor-element elementor-element-071722a elementor-section-boxed elementor-section-height-default elementor-section-height-default\" data-id=\"071722a\" data-element_type=\"section\">\n\t\t\t\t\t\t<div class=\"elementor-container elementor-column-gap-default\">\n\t\t\t\t\t\t\t<div class=\"elementor-row\">\n\t\t\t\t\t<div class=\"elementor-column elementor-col-50 elementor-inner-column elementor-element elementor-element-574d481\" data-id=\"574d481\" data-element_type=\"column\">\n\t\t\t<div class=\"elementor-column-wrap elementor-element-populated\">\n\t\t\t\t\t\t\t<div class=\"elementor-widget-wrap\">\n\t\t\t\t\t\t<div class=\"elementor-element elementor-element-b69406f elementor-widget elementor-widget-text-editor\" data-id=\"b69406f\" data-element_type=\"widget\" data-widget_type=\"text-editor.default\">\n\t\t\t\t<div class=\"elementor-widget-container\">\n\t\t\t\t\t\t\t\t<div class=\"elementor-text-editor elementor-clearfix\">\n\t\t\t\t<p>\u00a0<\/p><p>Nur in ganz wenigen Gebieten Rum\u00e4niens entging die Landwirtschaft der Verstaatlichung. Eines davon ist das Tal zwischen Odorheiu Secuiesc <br \/>(dt. Odorhellen) und dem Harghita-Gebirge in Siebenb\u00fcrgen.<\/p><p>Darin eingebettet liegt das Dorf M\u00e1r\u00e9falva. Hier hat sich bis heute eine b\u00e4uerliche Landwirtschaft weitgehend erhalten, wie wir sie in der Schweiz bis in die 1930er Jahre kannten und die dar\u00fcber hinaus noch viele Elemente der Dreizelgenwirtschaft bewahrte.<\/p><p>Dazu geh\u00f6ren die fast weglose Landschaft, in welcher lediglich die drei Zelgen mit einem Hauptweg erschlossen sind; die langgezogenen, sehr schmalen, mit unz\u00e4hligen Stufenrainen durchsetzten Bewirtschaftungsparzellen, und die gemeinschaftliche Nutzung der Allmenden \u2013 und eine extrem artenreiche Flora und Fauna.<\/p><p>Nach dem Zusammenbruch des kommunistischen Systems mussten die Einwohner von M\u00e1r\u00e9falva realisieren, dass die traditionelle Bewirtschaftung nicht mit den billigen Importlebensmitteln konkurrieren kann. Die Ackerfl\u00e4chen haben stark abgenommen und sind zu Wiesland geworden. Die Finanzierungspolitik der Europ\u00e4ischen Union hat diesen Prozess zus\u00e4tzlich stimuliert.<\/p>\t\t\t\t\t<\/div>\n\t\t\t\t\t\t<\/div>\n\t\t\t\t<\/div>\n\t\t\t\t\t\t<\/div>\n\t\t\t\t\t<\/div>\n\t\t<\/div>\n\t\t\t\t<div class=\"elementor-column elementor-col-50 elementor-inner-column elementor-element elementor-element-de74168\" data-id=\"de74168\" data-element_type=\"column\">\n\t\t\t<div class=\"elementor-column-wrap elementor-element-populated\">\n\t\t\t\t\t\t\t<div class=\"elementor-widget-wrap\">\n\t\t\t\t\t\t<div class=\"elementor-element elementor-element-1f53831 elementor-widget elementor-widget-image\" data-id=\"1f53831\" data-element_type=\"widget\" data-widget_type=\"image.default\">\n\t\t\t\t<div class=\"elementor-widget-container\">\n\t\t\t\t\t\t\t\t<div class=\"elementor-image\">\n\t\t\t\t\t\t\t\t\t\t\t\t<img width=\"1000\" height=\"666\" src=\"https:\/\/marefalva.ch\/wp-content\/uploads\/2021\/01\/Rumaenien_Dorf_9.jpg\" class=\"attachment-large size-large wp-image-1006\" alt=\"\" loading=\"lazy\" srcset=\"https:\/\/marefalva.ch\/wp-content\/uploads\/2021\/01\/Rumaenien_Dorf_9.jpg 1000w, https:\/\/marefalva.ch\/wp-content\/uploads\/2021\/01\/Rumaenien_Dorf_9-300x200.jpg 300w, https:\/\/marefalva.ch\/wp-content\/uploads\/2021\/01\/Rumaenien_Dorf_9-768x511.jpg 768w, https:\/\/marefalva.ch\/wp-content\/uploads\/2021\/01\/Rumaenien_Dorf_9-174x116.jpg 174w\" sizes=\"(max-width: 1000px) 100vw, 1000px\" \/>\t\t\t\t\t\t\t\t\t\t\t\t\t\t<\/div>\n\t\t\t\t\t\t<\/div>\n\t\t\t\t<\/div>\n\t\t\t\t<div class=\"elementor-element elementor-element-9b30abe elementor-widget elementor-widget-image\" data-id=\"9b30abe\" data-element_type=\"widget\" data-widget_type=\"image.default\">\n\t\t\t\t<div class=\"elementor-widget-container\">\n\t\t\t\t\t\t\t\t<div class=\"elementor-image\">\n\t\t\t\t\t\t\t\t\t\t\t\t<img width=\"1000\" height=\"666\" src=\"https:\/\/marefalva.ch\/wp-content\/uploads\/2021\/01\/Rumaenien_Dorf_12.jpg\" class=\"attachment-large size-large wp-image-1102\" alt=\"\" loading=\"lazy\" srcset=\"https:\/\/marefalva.ch\/wp-content\/uploads\/2021\/01\/Rumaenien_Dorf_12.jpg 1000w, https:\/\/marefalva.ch\/wp-content\/uploads\/2021\/01\/Rumaenien_Dorf_12-300x200.jpg 300w, https:\/\/marefalva.ch\/wp-content\/uploads\/2021\/01\/Rumaenien_Dorf_12-768x511.jpg 768w, https:\/\/marefalva.ch\/wp-content\/uploads\/2021\/01\/Rumaenien_Dorf_12-174x116.jpg 174w\" sizes=\"(max-width: 1000px) 100vw, 1000px\" \/>\t\t\t\t\t\t\t\t\t\t\t\t\t\t<\/div>\n\t\t\t\t\t\t<\/div>\n\t\t\t\t<\/div>\n\t\t\t\t\t\t<\/div>\n\t\t\t\t\t<\/div>\n\t\t<\/div>\n\t\t\t\t\t\t\t\t<\/div>\n\t\t\t\t\t<\/div>\n\t\t<\/section>\n\t\t\t\t\t\t<\/div>\n\t\t\t\t\t<\/div>\n\t\t<\/div>\n\t\t\t\t\t\t\t\t<\/div>\n\t\t\t\t\t<\/div>\n\t\t<\/section>\n\t\t\t\t<section class=\"elementor-section elementor-top-section elementor-element elementor-element-4bbaec4 elementor-section-stretched elementor-section-boxed elementor-section-height-default elementor-section-height-default\" data-id=\"4bbaec4\" data-element_type=\"section\" data-settings=\"{&quot;stretch_section&quot;:&quot;section-stretched&quot;,&quot;background_background&quot;:&quot;classic&quot;}\">\n\t\t\t\t\t\t<div class=\"elementor-container elementor-column-gap-default\">\n\t\t\t\t\t\t\t<div class=\"elementor-row\">\n\t\t\t\t\t<div class=\"elementor-column elementor-col-100 elementor-top-column elementor-element elementor-element-a766a3a\" data-id=\"a766a3a\" data-element_type=\"column\">\n\t\t\t<div class=\"elementor-column-wrap elementor-element-populated\">\n\t\t\t\t\t\t\t<div class=\"elementor-widget-wrap\">\n\t\t\t\t\t\t<div class=\"elementor-element elementor-element-0cc5069 elementor-widget elementor-widget-spacer\" data-id=\"0cc5069\" data-element_type=\"widget\" data-widget_type=\"spacer.default\">\n\t\t\t\t<div class=\"elementor-widget-container\">\n\t\t\t\t\t<div class=\"elementor-spacer\">\n\t\t\t<div class=\"elementor-spacer-inner\"><\/div>\n\t\t<\/div>\n\t\t\t\t<\/div>\n\t\t\t\t<\/div>\n\t\t\t\t\t\t<\/div>\n\t\t\t\t\t<\/div>\n\t\t<\/div>\n\t\t\t\t\t\t\t\t<\/div>\n\t\t\t\t\t<\/div>\n\t\t<\/section>\n\t\t\t\t\t\t\t\t\t<\/div>\n\t\t\t<\/div>\n\t\t\t\t\t<\/div>\n\t\t","protected":false},"excerpt":{"rendered":"<p>Rum\u00e4nien \u00a0 Nur in ganz wenigen Gebieten Rum\u00e4niens entging die Landwirtschaft der Verstaatlichung. Eines davon ist das Tal zwischen Odorheiu Secuiesc (dt. Odorhellen) und dem Harghita-Gebirge in Siebenb\u00fcrgen. Darin eingebettet liegt das Dorf M\u00e1r\u00e9falva. Hier hat sich bis heute eine b\u00e4uerliche Landwirtschaft weitgehend erhalten, wie wir sie in der Schweiz bis in die 1930er Jahre<\/p>\n<div><a class=\"btn-filled btn\" href=\"https:\/\/marefalva.ch\/?page_id=15\" title=\"Rum\u00e4nien\">Read More<\/a><\/div>\n","protected":false},"author":1,"featured_media":0,"parent":0,"menu_order":0,"comment_status":"closed","ping_status":"closed","template":"elementor_header_footer","meta":{"spay_email":""},"_links":{"self":[{"href":"https:\/\/marefalva.ch\/index.php?rest_route=\/wp\/v2\/pages\/15"}],"collection":[{"href":"https:\/\/marefalva.ch\/index.php?rest_route=\/wp\/v2\/pages"}],"about":[{"href":"https:\/\/marefalva.ch\/index.php?rest_route=\/wp\/v2\/types\/page"}],"author":[{"embeddable":true,"href":"https:\/\/marefalva.ch\/index.php?rest_route=\/wp\/v2\/users\/1"}],"replies":[{"embeddable":true,"href":"https:\/\/marefalva.ch\/index.php?rest_route=%2Fwp%2Fv2%2Fcomments&post=15"}],"version-history":[{"count":44,"href":"https:\/\/marefalva.ch\/index.php?rest_route=\/wp\/v2\/pages\/15\/revisions"}],"predecessor-version":[{"id":1163,"href":"https:\/\/marefalva.ch\/index.php?rest_route=\/wp\/v2\/pages\/15\/revisions\/1163"}],"wp:attachment":[{"href":"https:\/\/marefalva.ch\/index.php?rest_route=%2Fwp%2Fv2%2Fmedia&parent=15"}],"curies":[{"name":"wp","href":"https:\/\/api.w.org\/{rel}","templated":true}]}}