{"id":142,"date":"2020-12-30T14:39:05","date_gmt":"2020-12-30T14:39:05","guid":{"rendered":"https:\/\/marefalva.ch\/?page_id=142"},"modified":"2021-11-19T10:28:01","modified_gmt":"2021-11-19T10:28:01","slug":"zukunftsaussichten-fuer-marefalva","status":"publish","type":"page","link":"https:\/\/marefalva.ch\/?page_id=142","title":{"rendered":"Zukunftsaussichten f\u00fcr M\u00e1r\u00e9falva"},"content":{"rendered":"\t\t<div data-elementor-type=\"wp-page\" data-elementor-id=\"142\" class=\"elementor elementor-142\">\n\t\t\t\t\t\t<div class=\"elementor-inner\">\n\t\t\t\t<div class=\"elementor-section-wrap\">\n\t\t\t\t\t\t\t\t\t<section class=\"elementor-section elementor-top-section elementor-element elementor-element-43d1dc0 elementor-section-stretched elementor-section-boxed elementor-section-height-default elementor-section-height-default\" data-id=\"43d1dc0\" data-element_type=\"section\" data-settings=\"{&quot;stretch_section&quot;:&quot;section-stretched&quot;,&quot;background_background&quot;:&quot;classic&quot;}\">\n\t\t\t\t\t\t<div class=\"elementor-container elementor-column-gap-default\">\n\t\t\t\t\t\t\t<div class=\"elementor-row\">\n\t\t\t\t\t<div class=\"elementor-column elementor-col-100 elementor-top-column elementor-element elementor-element-fe13371\" data-id=\"fe13371\" data-element_type=\"column\">\n\t\t\t<div class=\"elementor-column-wrap elementor-element-populated\">\n\t\t\t\t\t\t\t<div class=\"elementor-widget-wrap\">\n\t\t\t\t\t\t<div class=\"elementor-element elementor-element-bcc0c19 elementor-widget elementor-widget-text-editor\" data-id=\"bcc0c19\" data-element_type=\"widget\" data-widget_type=\"text-editor.default\">\n\t\t\t\t<div class=\"elementor-widget-container\">\n\t\t\t\t\t\t\t\t<div class=\"elementor-text-editor elementor-clearfix\">\n\t\t\t\t<p><br><\/p><p><br><\/p><p><br><\/p><p><br><\/p><p>Zukunftsaussichten f\u00fcr M\u00e1r\u00e9falva<\/p><p><br><\/p><p><br><\/p><p><br><\/p><p><br><\/p><p><br><\/p>\t\t\t\t\t<\/div>\n\t\t\t\t\t\t<\/div>\n\t\t\t\t<\/div>\n\t\t\t\t\t\t<\/div>\n\t\t\t\t\t<\/div>\n\t\t<\/div>\n\t\t\t\t\t\t\t\t<\/div>\n\t\t\t\t\t<\/div>\n\t\t<\/section>\n\t\t\t\t<section class=\"elementor-section elementor-top-section elementor-element elementor-element-e5e07af elementor-section-boxed elementor-section-height-default elementor-section-height-default\" data-id=\"e5e07af\" data-element_type=\"section\">\n\t\t\t\t\t\t<div class=\"elementor-container elementor-column-gap-default\">\n\t\t\t\t\t\t\t<div class=\"elementor-row\">\n\t\t\t\t\t<div class=\"elementor-column elementor-col-100 elementor-top-column elementor-element elementor-element-23e9be1\" data-id=\"23e9be1\" data-element_type=\"column\">\n\t\t\t<div class=\"elementor-column-wrap elementor-element-populated\">\n\t\t\t\t\t\t\t<div class=\"elementor-widget-wrap\">\n\t\t\t\t\t\t<div class=\"elementor-element elementor-element-b5517fd elementor-widget elementor-widget-text-editor\" data-id=\"b5517fd\" data-element_type=\"widget\" data-widget_type=\"text-editor.default\">\n\t\t\t\t<div class=\"elementor-widget-container\">\n\t\t\t\t\t\t\t\t<div class=\"elementor-text-editor elementor-clearfix\">\n\t\t\t\t<p>Der ehemalige Gemeindepr\u00e4sident, Lajos D\u00e1vid, einer der Promotoren des Projektes, hat keine Illusionen. Die Bauern seien am Ende. Die Attraktivit\u00e4t der Landwirtschaft ist stark gesunken, seit in Westeuropa nach Eintritt Rum\u00e4niens in die EU in kurzer Zeit ein Vielfaches verdient werden kann. \u00dcber ein Viertel der Dorfbev\u00f6lkerung arbeitet in Deutschland, \u00d6sterreich oder der Schweiz und bringt schon nach wenigen Jahren ein grosses Auto mit und baut sich ein herrschaftliches Haus.<\/p><p>Die Landwirtschaft in der jetzigen Form hat kaum eine Zukunftschance. Die geltenden Hygiene und Tierschutzstandards w\u00fcrden hohe, kaum tragbare Investitionen verlangen, und auch das Wissen f\u00fcr eine Produktion, welche den modernen Anforderungen entspricht, fehlt weitgehend. Zudem resultiert aus der jetzigen Nutzungsform praktisch keine Produktion f\u00fcr den Markt, abgesehen von etwas Fleisch.<\/p>\t\t\t\t\t<\/div>\n\t\t\t\t\t\t<\/div>\n\t\t\t\t<\/div>\n\t\t\t\t\t\t<\/div>\n\t\t\t\t\t<\/div>\n\t\t<\/div>\n\t\t\t\t\t\t\t\t<\/div>\n\t\t\t\t\t<\/div>\n\t\t<\/section>\n\t\t\t\t<section class=\"elementor-section elementor-top-section elementor-element elementor-element-775423b elementor-section-stretched elementor-section-boxed elementor-section-height-default elementor-section-height-default\" data-id=\"775423b\" data-element_type=\"section\" data-settings=\"{&quot;stretch_section&quot;:&quot;section-stretched&quot;,&quot;background_background&quot;:&quot;classic&quot;}\">\n\t\t\t\t\t\t<div class=\"elementor-container elementor-column-gap-default\">\n\t\t\t\t\t\t\t<div class=\"elementor-row\">\n\t\t\t\t\t<div class=\"elementor-column elementor-col-100 elementor-top-column elementor-element elementor-element-3afac93\" data-id=\"3afac93\" data-element_type=\"column\">\n\t\t\t<div class=\"elementor-column-wrap elementor-element-populated\">\n\t\t\t\t\t\t\t<div class=\"elementor-widget-wrap\">\n\t\t\t\t\t\t<div class=\"elementor-element elementor-element-4a7a6dd elementor-widget elementor-widget-spacer\" data-id=\"4a7a6dd\" data-element_type=\"widget\" data-widget_type=\"spacer.default\">\n\t\t\t\t<div class=\"elementor-widget-container\">\n\t\t\t\t\t<div class=\"elementor-spacer\">\n\t\t\t<div class=\"elementor-spacer-inner\"><\/div>\n\t\t<\/div>\n\t\t\t\t<\/div>\n\t\t\t\t<\/div>\n\t\t\t\t\t\t<\/div>\n\t\t\t\t\t<\/div>\n\t\t<\/div>\n\t\t\t\t\t\t\t\t<\/div>\n\t\t\t\t\t<\/div>\n\t\t<\/section>\n\t\t\t\t<section class=\"elementor-section elementor-top-section elementor-element elementor-element-36d7c3a elementor-section-boxed elementor-section-height-default elementor-section-height-default\" data-id=\"36d7c3a\" data-element_type=\"section\">\n\t\t\t\t\t\t<div class=\"elementor-container elementor-column-gap-default\">\n\t\t\t\t\t\t\t<div class=\"elementor-row\">\n\t\t\t\t\t<div class=\"elementor-column elementor-col-100 elementor-top-column elementor-element elementor-element-2ce9590\" data-id=\"2ce9590\" data-element_type=\"column\">\n\t\t\t<div class=\"elementor-column-wrap elementor-element-populated\">\n\t\t\t\t\t\t\t<div class=\"elementor-widget-wrap\">\n\t\t\t\t\t\t<div class=\"elementor-element elementor-element-cb76e99 elementor-widget elementor-widget-text-editor\" data-id=\"cb76e99\" data-element_type=\"widget\" data-widget_type=\"text-editor.default\">\n\t\t\t\t<div class=\"elementor-widget-container\">\n\t\t\t\t\t\t\t\t<div class=\"elementor-text-editor elementor-clearfix\">\n\t\t\t\t<p>F\u00fcr die Zukunft des Dorfes ist es entscheidend, dass die Landwirtschaft die Bewirtschaftungsform findet, die den heutigen Erwartungen entspricht und die gleichzeitig die einzigartigen landwirtschaftlichen, historischen, biologischen und landschaftlichen Werte so weit als m\u00f6glich bewahren kann. <br><\/p>\n<p>Bis heute werden noch keine Chemikalien und kein Kunstd\u00fcnger eingesetzt, es gibt eine \u00e4usserst hohe Biodiversit\u00e4t. Die Biodiversit\u00e4t in der \u00e4sthetisch grossartigen Kulturlandschaft ist \u00fcberw\u00e4ltigend. Sie gibt einen Eindruck davon, wie die Landwirtschaft und die Landschaft vor der Gr\u00fcnen Revolution auch in der Schweiz ausgesehen haben.<\/p>\t\t\t\t\t<\/div>\n\t\t\t\t\t\t<\/div>\n\t\t\t\t<\/div>\n\t\t\t\t<section class=\"elementor-section elementor-inner-section elementor-element elementor-element-ce6c329 elementor-section-boxed elementor-section-height-default elementor-section-height-default\" data-id=\"ce6c329\" data-element_type=\"section\">\n\t\t\t\t\t\t<div class=\"elementor-container elementor-column-gap-default\">\n\t\t\t\t\t\t\t<div class=\"elementor-row\">\n\t\t\t\t\t<div class=\"elementor-column elementor-col-50 elementor-inner-column elementor-element elementor-element-3ea9733\" data-id=\"3ea9733\" data-element_type=\"column\">\n\t\t\t<div class=\"elementor-column-wrap elementor-element-populated\">\n\t\t\t\t\t\t\t<div class=\"elementor-widget-wrap\">\n\t\t\t\t\t\t<div class=\"elementor-element elementor-element-ffb8dd6 elementor-widget elementor-widget-image\" data-id=\"ffb8dd6\" data-element_type=\"widget\" data-widget_type=\"image.default\">\n\t\t\t\t<div class=\"elementor-widget-container\">\n\t\t\t\t\t\t\t\t<div class=\"elementor-image\">\n\t\t\t\t\t\t\t\t\t\t\t\t<img width=\"1000\" height=\"666\" src=\"https:\/\/marefalva.ch\/wp-content\/uploads\/2021\/01\/Rumaenien_Wiesen_11.jpg\" class=\"attachment-large size-large wp-image-966\" alt=\"\" loading=\"lazy\" srcset=\"https:\/\/marefalva.ch\/wp-content\/uploads\/2021\/01\/Rumaenien_Wiesen_11.jpg 1000w, https:\/\/marefalva.ch\/wp-content\/uploads\/2021\/01\/Rumaenien_Wiesen_11-300x200.jpg 300w, https:\/\/marefalva.ch\/wp-content\/uploads\/2021\/01\/Rumaenien_Wiesen_11-768x511.jpg 768w, https:\/\/marefalva.ch\/wp-content\/uploads\/2021\/01\/Rumaenien_Wiesen_11-174x116.jpg 174w\" sizes=\"(max-width: 1000px) 100vw, 1000px\" \/>\t\t\t\t\t\t\t\t\t\t\t\t\t\t<\/div>\n\t\t\t\t\t\t<\/div>\n\t\t\t\t<\/div>\n\t\t\t\t\t\t<\/div>\n\t\t\t\t\t<\/div>\n\t\t<\/div>\n\t\t\t\t<div class=\"elementor-column elementor-col-50 elementor-inner-column elementor-element elementor-element-257cd0f\" data-id=\"257cd0f\" data-element_type=\"column\">\n\t\t\t<div class=\"elementor-column-wrap elementor-element-populated\">\n\t\t\t\t\t\t\t<div class=\"elementor-widget-wrap\">\n\t\t\t\t\t\t<div class=\"elementor-element elementor-element-63395e7 elementor-widget elementor-widget-image\" data-id=\"63395e7\" data-element_type=\"widget\" data-widget_type=\"image.default\">\n\t\t\t\t<div class=\"elementor-widget-container\">\n\t\t\t\t\t\t\t\t<div class=\"elementor-image\">\n\t\t\t\t\t\t\t\t\t\t\t\t<img src=\"https:\/\/marefalva.ch\/wp-content\/uploads\/elementor\/thumbs\/Rumaenien_Produkte-p2148fyritfj9i8hhbwy5m15fevefpf8b115fa3voq.jpg\" title=\"Rum\u00e4nien_Produkte\" alt=\"Rum\u00e4nien_Produkte\" loading=\"lazy\" \/>\t\t\t\t\t\t\t\t\t\t\t\t\t\t<\/div>\n\t\t\t\t\t\t<\/div>\n\t\t\t\t<\/div>\n\t\t\t\t\t\t<\/div>\n\t\t\t\t\t<\/div>\n\t\t<\/div>\n\t\t\t\t\t\t\t\t<\/div>\n\t\t\t\t\t<\/div>\n\t\t<\/section>\n\t\t\t\t\t\t<\/div>\n\t\t\t\t\t<\/div>\n\t\t<\/div>\n\t\t\t\t\t\t\t\t<\/div>\n\t\t\t\t\t<\/div>\n\t\t<\/section>\n\t\t\t\t<section class=\"elementor-section elementor-top-section elementor-element elementor-element-c5b8546 elementor-section-stretched elementor-section-boxed elementor-section-height-default elementor-section-height-default\" data-id=\"c5b8546\" data-element_type=\"section\" data-settings=\"{&quot;stretch_section&quot;:&quot;section-stretched&quot;,&quot;background_background&quot;:&quot;classic&quot;}\">\n\t\t\t\t\t\t<div class=\"elementor-container elementor-column-gap-default\">\n\t\t\t\t\t\t\t<div class=\"elementor-row\">\n\t\t\t\t\t<div class=\"elementor-column elementor-col-100 elementor-top-column elementor-element elementor-element-5fb500d\" data-id=\"5fb500d\" data-element_type=\"column\">\n\t\t\t<div class=\"elementor-column-wrap elementor-element-populated\">\n\t\t\t\t\t\t\t<div class=\"elementor-widget-wrap\">\n\t\t\t\t\t\t<div class=\"elementor-element elementor-element-a7a05f8 elementor-widget elementor-widget-spacer\" data-id=\"a7a05f8\" data-element_type=\"widget\" data-widget_type=\"spacer.default\">\n\t\t\t\t<div class=\"elementor-widget-container\">\n\t\t\t\t\t<div class=\"elementor-spacer\">\n\t\t\t<div class=\"elementor-spacer-inner\"><\/div>\n\t\t<\/div>\n\t\t\t\t<\/div>\n\t\t\t\t<\/div>\n\t\t\t\t\t\t<\/div>\n\t\t\t\t\t<\/div>\n\t\t<\/div>\n\t\t\t\t\t\t\t\t<\/div>\n\t\t\t\t\t<\/div>\n\t\t<\/section>\n\t\t\t\t\t\t\t\t\t<\/div>\n\t\t\t<\/div>\n\t\t\t\t\t<\/div>\n\t\t","protected":false},"excerpt":{"rendered":"<p>Zukunftsaussichten f\u00fcr M\u00e1r\u00e9falva Der ehemalige Gemeindepr\u00e4sident, Lajos D\u00e1vid, einer der Promotoren des Projektes, hat keine Illusionen. Die Bauern seien am Ende. Die Attraktivit\u00e4t der Landwirtschaft ist stark gesunken, seit in Westeuropa nach Eintritt Rum\u00e4niens in die EU in kurzer Zeit ein Vielfaches verdient werden kann. \u00dcber ein Viertel der Dorfbev\u00f6lkerung arbeitet in Deutschland, \u00d6sterreich oder<\/p>\n<div><a class=\"btn-filled btn\" href=\"https:\/\/marefalva.ch\/?page_id=142\" title=\"Zukunftsaussichten f\u00fcr M\u00e1r\u00e9falva\">Read More<\/a><\/div>\n","protected":false},"author":1,"featured_media":0,"parent":15,"menu_order":0,"comment_status":"closed","ping_status":"closed","template":"elementor_header_footer","meta":{"spay_email":""},"_links":{"self":[{"href":"https:\/\/marefalva.ch\/index.php?rest_route=\/wp\/v2\/pages\/142"}],"collection":[{"href":"https:\/\/marefalva.ch\/index.php?rest_route=\/wp\/v2\/pages"}],"about":[{"href":"https:\/\/marefalva.ch\/index.php?rest_route=\/wp\/v2\/types\/page"}],"author":[{"embeddable":true,"href":"https:\/\/marefalva.ch\/index.php?rest_route=\/wp\/v2\/users\/1"}],"replies":[{"embeddable":true,"href":"https:\/\/marefalva.ch\/index.php?rest_route=%2Fwp%2Fv2%2Fcomments&post=142"}],"version-history":[{"count":50,"href":"https:\/\/marefalva.ch\/index.php?rest_route=\/wp\/v2\/pages\/142\/revisions"}],"predecessor-version":[{"id":1509,"href":"https:\/\/marefalva.ch\/index.php?rest_route=\/wp\/v2\/pages\/142\/revisions\/1509"}],"up":[{"embeddable":true,"href":"https:\/\/marefalva.ch\/index.php?rest_route=\/wp\/v2\/pages\/15"}],"wp:attachment":[{"href":"https:\/\/marefalva.ch\/index.php?rest_route=%2Fwp%2Fv2%2Fmedia&parent=142"}],"curies":[{"name":"wp","href":"https:\/\/api.w.org\/{rel}","templated":true}]}}