{"id":14,"date":"2020-12-03T12:13:52","date_gmt":"2020-12-03T12:13:52","guid":{"rendered":"https:\/\/marefalva.ch\/?page_id=14"},"modified":"2021-01-27T13:05:54","modified_gmt":"2021-01-27T13:05:54","slug":"ueber-das-projekt","status":"publish","type":"page","link":"https:\/\/marefalva.ch\/?page_id=14","title":{"rendered":"\u00dcber das Projekt"},"content":{"rendered":"\t\t<div data-elementor-type=\"wp-page\" data-elementor-id=\"14\" class=\"elementor elementor-14\">\n\t\t\t\t\t\t<div class=\"elementor-inner\">\n\t\t\t\t<div class=\"elementor-section-wrap\">\n\t\t\t\t\t\t\t\t\t<section class=\"elementor-section elementor-top-section elementor-element elementor-element-661105b elementor-section-stretched elementor-section-boxed elementor-section-height-default elementor-section-height-default\" data-id=\"661105b\" data-element_type=\"section\" data-settings=\"{&quot;stretch_section&quot;:&quot;section-stretched&quot;,&quot;background_background&quot;:&quot;classic&quot;}\">\n\t\t\t\t\t\t<div class=\"elementor-container elementor-column-gap-default\">\n\t\t\t\t\t\t\t<div class=\"elementor-row\">\n\t\t\t\t\t<div class=\"elementor-column elementor-col-100 elementor-top-column elementor-element elementor-element-009a9e1\" data-id=\"009a9e1\" data-element_type=\"column\">\n\t\t\t<div class=\"elementor-column-wrap elementor-element-populated\">\n\t\t\t\t\t\t\t<div class=\"elementor-widget-wrap\">\n\t\t\t\t\t\t<div class=\"elementor-element elementor-element-c37d01a elementor-widget elementor-widget-text-editor\" data-id=\"c37d01a\" data-element_type=\"widget\" data-widget_type=\"text-editor.default\">\n\t\t\t\t<div class=\"elementor-widget-container\">\n\t\t\t\t\t\t\t\t<div class=\"elementor-text-editor elementor-clearfix\">\n\t\t\t\t<p style=\"text-align: center;\"><br><\/p><p style=\"text-align: center;\"><br><\/p><p style=\"text-align: center;\"><br><\/p><p style=\"text-align: center;\"><br><\/p><p style=\"text-align: center;\"><br><\/p><p style=\"text-align: center;\">\u00dcber das Projekt<\/p>\n<div><br><\/div><div><br><\/div><div><br><\/div><p><br><\/p><p><br><\/p><div><br><\/div>\t\t\t\t\t<\/div>\n\t\t\t\t\t\t<\/div>\n\t\t\t\t<\/div>\n\t\t\t\t\t\t<\/div>\n\t\t\t\t\t<\/div>\n\t\t<\/div>\n\t\t\t\t\t\t\t\t<\/div>\n\t\t\t\t\t<\/div>\n\t\t<\/section>\n\t\t\t\t<section class=\"elementor-section elementor-top-section elementor-element elementor-element-bc00d38 elementor-section-boxed elementor-section-height-default elementor-section-height-default\" data-id=\"bc00d38\" data-element_type=\"section\">\n\t\t\t\t\t\t<div class=\"elementor-container elementor-column-gap-default\">\n\t\t\t\t\t\t\t<div class=\"elementor-row\">\n\t\t\t\t\t<div class=\"elementor-column elementor-col-100 elementor-top-column elementor-element elementor-element-1f58c56\" data-id=\"1f58c56\" data-element_type=\"column\">\n\t\t\t<div class=\"elementor-column-wrap elementor-element-populated\">\n\t\t\t\t\t\t\t<div class=\"elementor-widget-wrap\">\n\t\t\t\t\t\t<div class=\"elementor-element elementor-element-9f7d0e0 elementor-widget elementor-widget-text-editor\" data-id=\"9f7d0e0\" data-element_type=\"widget\" data-widget_type=\"text-editor.default\">\n\t\t\t\t<div class=\"elementor-widget-container\">\n\t\t\t\t\t\t\t\t<div class=\"elementor-text-editor elementor-clearfix\">\n\t\t\t\t<p>Mit diesem Projekt wollen einige engagierte Dorfbewohner mit Schweizer Unterst\u00fctzung versuchen, die bestehenden Strukturen und die Produktivit\u00e4t der bisherigen Landwirtschaft ebenso wie die breite Einbindung von lokalen Arbeitskr\u00e4ften zu erhalten, indem die Wirtschaftlichkeit der traditionellen Nutzungsweise stark erh\u00f6ht wird. <br><\/p><p>Dies soll erreicht werden durch einen Zusammenschluss wesentlicher Produktionsschritte in einem Gemeinschaftsstall. Dadurch ist eine wesentliche kosteng\u00fcnstigere Produktion m\u00f6glich, die gleichzeitig Produktionsmengen und -qualit\u00e4ten erlaubt, die am Markt zu einem akzeptablen Preis verkauft werden k\u00f6nnen.<\/p>\t\t\t\t\t<\/div>\n\t\t\t\t\t\t<\/div>\n\t\t\t\t<\/div>\n\t\t\t\t<div class=\"elementor-element elementor-element-97ff599 elementor-widget elementor-widget-image\" data-id=\"97ff599\" data-element_type=\"widget\" data-widget_type=\"image.default\">\n\t\t\t\t<div class=\"elementor-widget-container\">\n\t\t\t\t\t\t\t\t<div class=\"elementor-image\">\n\t\t\t\t\t\t\t\t\t\t\t\t<img width=\"1000\" height=\"544\" src=\"https:\/\/marefalva.ch\/wp-content\/uploads\/2021\/01\/Rumaenien_Schafherde_1.jpg\" class=\"attachment-full size-full wp-image-993\" alt=\"\" loading=\"lazy\" srcset=\"https:\/\/marefalva.ch\/wp-content\/uploads\/2021\/01\/Rumaenien_Schafherde_1.jpg 1000w, https:\/\/marefalva.ch\/wp-content\/uploads\/2021\/01\/Rumaenien_Schafherde_1-300x163.jpg 300w, https:\/\/marefalva.ch\/wp-content\/uploads\/2021\/01\/Rumaenien_Schafherde_1-768x418.jpg 768w, https:\/\/marefalva.ch\/wp-content\/uploads\/2021\/01\/Rumaenien_Schafherde_1-213x116.jpg 213w\" sizes=\"(max-width: 1000px) 100vw, 1000px\" \/>\t\t\t\t\t\t\t\t\t\t\t\t\t\t<\/div>\n\t\t\t\t\t\t<\/div>\n\t\t\t\t<\/div>\n\t\t\t\t<div class=\"elementor-element elementor-element-2985afa elementor-widget elementor-widget-spacer\" data-id=\"2985afa\" data-element_type=\"widget\" data-widget_type=\"spacer.default\">\n\t\t\t\t<div class=\"elementor-widget-container\">\n\t\t\t\t\t<div class=\"elementor-spacer\">\n\t\t\t<div class=\"elementor-spacer-inner\"><\/div>\n\t\t<\/div>\n\t\t\t\t<\/div>\n\t\t\t\t<\/div>\n\t\t\t\t<div class=\"elementor-element elementor-element-08e5fcb elementor-widget elementor-widget-text-editor\" data-id=\"08e5fcb\" data-element_type=\"widget\" data-widget_type=\"text-editor.default\">\n\t\t\t\t<div class=\"elementor-widget-container\">\n\t\t\t\t\t\t\t\t<div class=\"elementor-text-editor elementor-clearfix\">\n\t\t\t\t<p><span style=\"text-decoration: underline;\">Die wichtigste St\u00e4rke des Projektes ist die F\u00fchrungscrew vor Ort. <br><\/span>Promotoren und Leiter sind Bal\u00e1zs D\u00e1vid und Lajos D\u00e1vid, zwei Pers\u00f6nlichkeiten, die auf Bauernbetrieben in M\u00e1r\u00e9falva aufgewachsen sind, einen bemerkenswerten fachlichen Hintergrund mitbringen und die nicht nur im Dorf wohnen, sondern stark in die Gemeinschaft des Dorfes integriert sind.<br><br>Bal\u00e1zs D\u00e1vid ist Marketingleiter einer Handelskette, die sich auf die regionale Vermarktung regional hergestellter, hochwertiger Produktion in Rum\u00e4nien spezialisiert hat (Gobe Products). Lajos D\u00e1vid ist ausgebildeter Landwirt, der viele Jahre als Gemeindepr\u00e4sident von M\u00e1r\u00e9falva geamtet hat.<\/p>\t\t\t\t\t<\/div>\n\t\t\t\t\t\t<\/div>\n\t\t\t\t<\/div>\n\t\t\t\t\t\t<\/div>\n\t\t\t\t\t<\/div>\n\t\t<\/div>\n\t\t\t\t\t\t\t\t<\/div>\n\t\t\t\t\t<\/div>\n\t\t<\/section>\n\t\t\t\t<section class=\"elementor-section elementor-top-section elementor-element elementor-element-5852d03 elementor-section-stretched elementor-section-boxed elementor-section-height-default elementor-section-height-default\" data-id=\"5852d03\" data-element_type=\"section\" data-settings=\"{&quot;stretch_section&quot;:&quot;section-stretched&quot;,&quot;background_background&quot;:&quot;classic&quot;}\">\n\t\t\t\t\t\t<div class=\"elementor-container elementor-column-gap-default\">\n\t\t\t\t\t\t\t<div class=\"elementor-row\">\n\t\t\t\t\t<div class=\"elementor-column elementor-col-100 elementor-top-column elementor-element elementor-element-c7a0889\" data-id=\"c7a0889\" data-element_type=\"column\">\n\t\t\t<div class=\"elementor-column-wrap elementor-element-populated\">\n\t\t\t\t\t\t\t<div class=\"elementor-widget-wrap\">\n\t\t\t\t\t\t<div class=\"elementor-element elementor-element-05a8806 elementor-widget elementor-widget-text-editor\" data-id=\"05a8806\" data-element_type=\"widget\" data-widget_type=\"text-editor.default\">\n\t\t\t\t<div class=\"elementor-widget-container\">\n\t\t\t\t\t\t\t\t<div class=\"elementor-text-editor elementor-clearfix\">\n\t\t\t\t<p style=\"text-align: right;\"><strong>&nbsp;<\/strong><\/p>\n<p><strong>&nbsp;<\/strong><\/p>\n<p style=\"text-align: center;\"><strong>Das Projekt soll nicht nur f\u00fcr die Landwirtschaft und Landschaft von M\u00e1r\u00e9falva eine neue Perspektive schaffen. <\/strong><\/p>\n<p style=\"text-align: center;\"><strong>Es soll ebenso die anderen D\u00f6rfer, die in einer \u00e4hnlichen Situation sind, animieren, von den Erfahrungen des Projektes zu profitieren und ihr Schicksal selber an die Hand zu nehmen.<\/strong><\/p>\n<p style=\"text-align: center;\"><strong>&nbsp;<\/strong><\/p>\n<div><br><\/div><div><br><\/div>\t\t\t\t\t<\/div>\n\t\t\t\t\t\t<\/div>\n\t\t\t\t<\/div>\n\t\t\t\t\t\t<\/div>\n\t\t\t\t\t<\/div>\n\t\t<\/div>\n\t\t\t\t\t\t\t\t<\/div>\n\t\t\t\t\t<\/div>\n\t\t<\/section>\n\t\t\t\t\t\t\t\t\t<\/div>\n\t\t\t<\/div>\n\t\t\t\t\t<\/div>\n\t\t","protected":false},"excerpt":{"rendered":"<p>\u00dcber das Projekt Mit diesem Projekt wollen einige engagierte Dorfbewohner mit Schweizer Unterst\u00fctzung versuchen, die bestehenden Strukturen und die Produktivit\u00e4t der bisherigen Landwirtschaft ebenso wie die breite Einbindung von lokalen Arbeitskr\u00e4ften zu erhalten, indem die Wirtschaftlichkeit der traditionellen Nutzungsweise stark erh\u00f6ht wird. Dies soll erreicht werden durch einen Zusammenschluss wesentlicher Produktionsschritte in einem Gemeinschaftsstall. Dadurch<\/p>\n<div><a class=\"btn-filled btn\" href=\"https:\/\/marefalva.ch\/?page_id=14\" title=\"\u00dcber das Projekt\">Read More<\/a><\/div>\n","protected":false},"author":1,"featured_media":0,"parent":0,"menu_order":0,"comment_status":"closed","ping_status":"closed","template":"elementor_header_footer","meta":{"spay_email":""},"_links":{"self":[{"href":"https:\/\/marefalva.ch\/index.php?rest_route=\/wp\/v2\/pages\/14"}],"collection":[{"href":"https:\/\/marefalva.ch\/index.php?rest_route=\/wp\/v2\/pages"}],"about":[{"href":"https:\/\/marefalva.ch\/index.php?rest_route=\/wp\/v2\/types\/page"}],"author":[{"embeddable":true,"href":"https:\/\/marefalva.ch\/index.php?rest_route=\/wp\/v2\/users\/1"}],"replies":[{"embeddable":true,"href":"https:\/\/marefalva.ch\/index.php?rest_route=%2Fwp%2Fv2%2Fcomments&post=14"}],"version-history":[{"count":91,"href":"https:\/\/marefalva.ch\/index.php?rest_route=\/wp\/v2\/pages\/14\/revisions"}],"predecessor-version":[{"id":1157,"href":"https:\/\/marefalva.ch\/index.php?rest_route=\/wp\/v2\/pages\/14\/revisions\/1157"}],"wp:attachment":[{"href":"https:\/\/marefalva.ch\/index.php?rest_route=%2Fwp%2Fv2%2Fmedia&parent=14"}],"curies":[{"name":"wp","href":"https:\/\/api.w.org\/{rel}","templated":true}]}}