{"id":116,"date":"2020-12-30T14:15:03","date_gmt":"2020-12-30T14:15:03","guid":{"rendered":"https:\/\/marefalva.ch\/?page_id=116"},"modified":"2021-01-28T13:48:58","modified_gmt":"2021-01-28T13:48:58","slug":"bisher-geleistete-vorarbeiten","status":"publish","type":"page","link":"https:\/\/marefalva.ch\/?page_id=116","title":{"rendered":"Bisher geleistete Vorarbeiten"},"content":{"rendered":"\t\t<div data-elementor-type=\"wp-page\" data-elementor-id=\"116\" class=\"elementor elementor-116\">\n\t\t\t\t\t\t<div class=\"elementor-inner\">\n\t\t\t\t<div class=\"elementor-section-wrap\">\n\t\t\t\t\t\t\t\t\t<section class=\"elementor-section elementor-top-section elementor-element elementor-element-0305e01 elementor-section-stretched elementor-section-boxed elementor-section-height-default elementor-section-height-default\" data-id=\"0305e01\" data-element_type=\"section\" data-settings=\"{&quot;stretch_section&quot;:&quot;section-stretched&quot;,&quot;background_background&quot;:&quot;classic&quot;}\">\n\t\t\t\t\t\t<div class=\"elementor-container elementor-column-gap-default\">\n\t\t\t\t\t\t\t<div class=\"elementor-row\">\n\t\t\t\t\t<div class=\"elementor-column elementor-col-100 elementor-top-column elementor-element elementor-element-20d9616\" data-id=\"20d9616\" data-element_type=\"column\">\n\t\t\t<div class=\"elementor-column-wrap elementor-element-populated\">\n\t\t\t\t\t\t\t<div class=\"elementor-widget-wrap\">\n\t\t\t\t\t\t<div class=\"elementor-element elementor-element-52ff19b elementor-widget elementor-widget-text-editor\" data-id=\"52ff19b\" data-element_type=\"widget\" data-widget_type=\"text-editor.default\">\n\t\t\t\t<div class=\"elementor-widget-container\">\n\t\t\t\t\t\t\t\t<div class=\"elementor-text-editor elementor-clearfix\">\n\t\t\t\t<p>\u00a0<\/p><p>\u00a0<\/p><p>\u00a0<\/p><p>\u00a0<\/p><p>Bisher geleistete Vorarbeit<\/p><p>\u00a0<\/p><p>\u00a0<\/p><p>\u00a0<\/p><p>\u00a0<\/p><p>\u00a0<\/p>\t\t\t\t\t<\/div>\n\t\t\t\t\t\t<\/div>\n\t\t\t\t<\/div>\n\t\t\t\t\t\t<\/div>\n\t\t\t\t\t<\/div>\n\t\t<\/div>\n\t\t\t\t\t\t\t\t<\/div>\n\t\t\t\t\t<\/div>\n\t\t<\/section>\n\t\t\t\t<section class=\"elementor-section elementor-top-section elementor-element elementor-element-92fec67 elementor-section-boxed elementor-section-height-default elementor-section-height-default\" data-id=\"92fec67\" data-element_type=\"section\">\n\t\t\t\t\t\t<div class=\"elementor-container elementor-column-gap-default\">\n\t\t\t\t\t\t\t<div class=\"elementor-row\">\n\t\t\t\t\t<div class=\"elementor-column elementor-col-100 elementor-top-column elementor-element elementor-element-6e9f44b\" data-id=\"6e9f44b\" data-element_type=\"column\">\n\t\t\t<div class=\"elementor-column-wrap elementor-element-populated\">\n\t\t\t\t\t\t\t<div class=\"elementor-widget-wrap\">\n\t\t\t\t\t\t<div class=\"elementor-element elementor-element-1fe4557 elementor-widget elementor-widget-text-editor\" data-id=\"1fe4557\" data-element_type=\"widget\" data-widget_type=\"text-editor.default\">\n\t\t\t\t<div class=\"elementor-widget-container\">\n\t\t\t\t\t\t\t\t<div class=\"elementor-text-editor elementor-clearfix\">\n\t\t\t\t<p>Im Hinblick auf eine m\u00f6glichst baldige Realisierung des Vorhabens wurden bereits betr\u00e4chtliche Vorarbeiten geleistet (Stand 15.7.18):<\/p><ul><li>Umfrage in der Gemeinde hinsichtlich des m\u00f6glichen Interesses an einem solchen Projekt.<\/li><li>Gr\u00fcndung und Eintrag der Genossenschaft mit Namen Unitis Agricultural Cooperative durch 8 Gr\u00fcndungsmitglieder (Landwirte des Dorfes).<\/li><li>Die Gr\u00fcndungsmitglieder bringen 52 ha Wiesland f\u00fcr die Produktion des Winterfutters (Heu) in die Genossenschaft ein. Als Sommerweide ist die Pacht einer 96 ha grossen Alp im nahen Harghita-Gebirge in Vorbereitung.<\/li><li>Im Namen der Unitis Agricultural Cooperative wurde im Fr\u00fchling 2018 von den 8 Genossenschaftern 4,3 ha Land am Ort des zuk\u00fcnftigen Stalles gekauft.<\/li><li>Die Hauptpromotoren Bal\u00e1zs D\u00e1vid und Lajos D\u00e1vid besuchten im Mai 2018 verschiedene Stallbauten in der Schweiz, die f\u00fcr ihr Konzept grunds\u00e4tzlich geeignet erschienen, und gaben auf dieser Basis eine Stallplanung bei einer rum\u00e4nischen Firma in Auftrag.<\/li><li>Die Stallplanung ist die Basis f\u00fcr ein EU-Mitfinanzierungsgesuch. Der Stall ist auf ca. 1,1 Mio Euro budgetiert, wovon die EU 1 Mio finanziert. Die \u00fcbrigen 100&#8217;000 Euro m\u00fcssen durch Dritte (Sponsoren) finanziert werden, ebenso wie ein Teil der Kosten f\u00fcr die Stallplanung, die mit 10&#8217;000 Euro zu Buche schl\u00e4gt und die bereits Ende Juli f\u00e4llig werden (zuz\u00fcglich 3854 Euro falls das Gesuch erfolgreich ist).<\/li><li>Suche nach m\u00f6glichen Mitarbeitern, insbesondere nach einem Hirten, welcher sich um die Beweidung und die Herde im Winter k\u00fcmmert.<\/li><\/ul>\t\t\t\t\t<\/div>\n\t\t\t\t\t\t<\/div>\n\t\t\t\t<\/div>\n\t\t\t\t<section class=\"elementor-section elementor-inner-section elementor-element elementor-element-87ec373 elementor-section-boxed elementor-section-height-default elementor-section-height-default\" data-id=\"87ec373\" data-element_type=\"section\">\n\t\t\t\t\t\t<div class=\"elementor-container elementor-column-gap-default\">\n\t\t\t\t\t\t\t<div class=\"elementor-row\">\n\t\t\t\t\t<div class=\"elementor-column elementor-col-50 elementor-inner-column elementor-element elementor-element-a7e873e\" data-id=\"a7e873e\" data-element_type=\"column\">\n\t\t\t<div class=\"elementor-column-wrap elementor-element-populated\">\n\t\t\t\t\t\t\t<div class=\"elementor-widget-wrap\">\n\t\t\t\t\t\t<div class=\"elementor-element elementor-element-6594106 elementor-widget elementor-widget-image\" data-id=\"6594106\" data-element_type=\"widget\" data-widget_type=\"image.default\">\n\t\t\t\t<div class=\"elementor-widget-container\">\n\t\t\t\t\t\t\t\t<div class=\"elementor-image\">\n\t\t\t\t\t\t\t\t\t\t\t\t<img src=\"https:\/\/marefalva.ch\/wp-content\/uploads\/elementor\/thumbs\/Rumaenien_Tor-im-Dorf_3-p216fh85qm4npww1u5zyq129k5lonhu4arzzndvubk.jpg\" title=\"Rum\u00e4nien_Tor im Dorf_3\" alt=\"Rum\u00e4nien_Tor im Dorf_3\" loading=\"lazy\" \/>\t\t\t\t\t\t\t\t\t\t\t\t\t\t<\/div>\n\t\t\t\t\t\t<\/div>\n\t\t\t\t<\/div>\n\t\t\t\t\t\t<\/div>\n\t\t\t\t\t<\/div>\n\t\t<\/div>\n\t\t\t\t<div class=\"elementor-column elementor-col-50 elementor-inner-column elementor-element elementor-element-ff5cda7\" data-id=\"ff5cda7\" data-element_type=\"column\">\n\t\t\t<div class=\"elementor-column-wrap elementor-element-populated\">\n\t\t\t\t\t\t\t<div class=\"elementor-widget-wrap\">\n\t\t\t\t\t\t<div class=\"elementor-element elementor-element-f15fcc7 elementor-widget elementor-widget-image\" data-id=\"f15fcc7\" data-element_type=\"widget\" data-widget_type=\"image.default\">\n\t\t\t\t<div class=\"elementor-widget-container\">\n\t\t\t\t\t\t\t\t<div class=\"elementor-image\">\n\t\t\t\t\t\t\t\t\t\t\t\t<img src=\"https:\/\/marefalva.ch\/wp-content\/uploads\/elementor\/thumbs\/Rumaenien_Pferd-putzen_2-p1qgo7b7bdhv6ixkrtcssxnwe87r1fbdb59hdaopc0.jpg\" title=\"Rum\u00e4nien_Pferd putzen_2\" alt=\"Rum\u00e4nien_Pferd putzen_2\" loading=\"lazy\" \/>\t\t\t\t\t\t\t\t\t\t\t\t\t\t<\/div>\n\t\t\t\t\t\t<\/div>\n\t\t\t\t<\/div>\n\t\t\t\t\t\t<\/div>\n\t\t\t\t\t<\/div>\n\t\t<\/div>\n\t\t\t\t\t\t\t\t<\/div>\n\t\t\t\t\t<\/div>\n\t\t<\/section>\n\t\t\t\t\t\t<\/div>\n\t\t\t\t\t<\/div>\n\t\t<\/div>\n\t\t\t\t\t\t\t\t<\/div>\n\t\t\t\t\t<\/div>\n\t\t<\/section>\n\t\t\t\t<section class=\"elementor-section elementor-top-section elementor-element elementor-element-1b9127f elementor-section-stretched elementor-section-boxed elementor-section-height-default elementor-section-height-default\" data-id=\"1b9127f\" data-element_type=\"section\" data-settings=\"{&quot;stretch_section&quot;:&quot;section-stretched&quot;,&quot;background_background&quot;:&quot;classic&quot;}\">\n\t\t\t\t\t\t<div class=\"elementor-container elementor-column-gap-default\">\n\t\t\t\t\t\t\t<div class=\"elementor-row\">\n\t\t\t\t\t<div class=\"elementor-column elementor-col-100 elementor-top-column elementor-element elementor-element-2794869\" data-id=\"2794869\" data-element_type=\"column\">\n\t\t\t<div class=\"elementor-column-wrap elementor-element-populated\">\n\t\t\t\t\t\t\t<div class=\"elementor-widget-wrap\">\n\t\t\t\t\t\t<div class=\"elementor-element elementor-element-ee8357d elementor-widget elementor-widget-spacer\" data-id=\"ee8357d\" data-element_type=\"widget\" data-widget_type=\"spacer.default\">\n\t\t\t\t<div class=\"elementor-widget-container\">\n\t\t\t\t\t<div class=\"elementor-spacer\">\n\t\t\t<div class=\"elementor-spacer-inner\"><\/div>\n\t\t<\/div>\n\t\t\t\t<\/div>\n\t\t\t\t<\/div>\n\t\t\t\t<div class=\"elementor-element elementor-element-c116bec elementor-widget elementor-widget-spacer\" data-id=\"c116bec\" data-element_type=\"widget\" data-widget_type=\"spacer.default\">\n\t\t\t\t<div class=\"elementor-widget-container\">\n\t\t\t\t\t<div class=\"elementor-spacer\">\n\t\t\t<div class=\"elementor-spacer-inner\"><\/div>\n\t\t<\/div>\n\t\t\t\t<\/div>\n\t\t\t\t<\/div>\n\t\t\t\t\t\t<\/div>\n\t\t\t\t\t<\/div>\n\t\t<\/div>\n\t\t\t\t\t\t\t\t<\/div>\n\t\t\t\t\t<\/div>\n\t\t<\/section>\n\t\t\t\t<section class=\"elementor-section elementor-top-section elementor-element elementor-element-9452980 elementor-section-boxed elementor-section-height-default elementor-section-height-default\" data-id=\"9452980\" data-element_type=\"section\">\n\t\t\t\t\t\t<div class=\"elementor-container elementor-column-gap-default\">\n\t\t\t\t\t\t\t<div class=\"elementor-row\">\n\t\t\t\t\t<div class=\"elementor-column elementor-col-100 elementor-top-column elementor-element elementor-element-1d3d5d7\" data-id=\"1d3d5d7\" data-element_type=\"column\">\n\t\t\t<div class=\"elementor-column-wrap\">\n\t\t\t\t\t\t\t<div class=\"elementor-widget-wrap\">\n\t\t\t\t\t\t\t\t<\/div>\n\t\t\t\t\t<\/div>\n\t\t<\/div>\n\t\t\t\t\t\t\t\t<\/div>\n\t\t\t\t\t<\/div>\n\t\t<\/section>\n\t\t\t\t\t\t\t\t\t<\/div>\n\t\t\t<\/div>\n\t\t\t\t\t<\/div>\n\t\t","protected":false},"excerpt":{"rendered":"<p>\u00a0 \u00a0 \u00a0 \u00a0 Bisher geleistete Vorarbeit \u00a0 \u00a0 \u00a0 \u00a0 \u00a0 Im Hinblick auf eine m\u00f6glichst baldige Realisierung des Vorhabens wurden bereits betr\u00e4chtliche Vorarbeiten geleistet (Stand 15.7.18): Umfrage in der Gemeinde hinsichtlich des m\u00f6glichen Interesses an einem solchen Projekt. Gr\u00fcndung und Eintrag der Genossenschaft mit Namen Unitis Agricultural Cooperative durch 8 Gr\u00fcndungsmitglieder (Landwirte des<\/p>\n<div><a class=\"btn-filled btn\" href=\"https:\/\/marefalva.ch\/?page_id=116\" title=\"Bisher geleistete Vorarbeiten\">Read More<\/a><\/div>\n","protected":false},"author":1,"featured_media":0,"parent":14,"menu_order":0,"comment_status":"closed","ping_status":"closed","template":"elementor_header_footer","meta":{"spay_email":""},"_links":{"self":[{"href":"https:\/\/marefalva.ch\/index.php?rest_route=\/wp\/v2\/pages\/116"}],"collection":[{"href":"https:\/\/marefalva.ch\/index.php?rest_route=\/wp\/v2\/pages"}],"about":[{"href":"https:\/\/marefalva.ch\/index.php?rest_route=\/wp\/v2\/types\/page"}],"author":[{"embeddable":true,"href":"https:\/\/marefalva.ch\/index.php?rest_route=\/wp\/v2\/users\/1"}],"replies":[{"embeddable":true,"href":"https:\/\/marefalva.ch\/index.php?rest_route=%2Fwp%2Fv2%2Fcomments&post=116"}],"version-history":[{"count":23,"href":"https:\/\/marefalva.ch\/index.php?rest_route=\/wp\/v2\/pages\/116\/revisions"}],"predecessor-version":[{"id":1228,"href":"https:\/\/marefalva.ch\/index.php?rest_route=\/wp\/v2\/pages\/116\/revisions\/1228"}],"up":[{"embeddable":true,"href":"https:\/\/marefalva.ch\/index.php?rest_route=\/wp\/v2\/pages\/14"}],"wp:attachment":[{"href":"https:\/\/marefalva.ch\/index.php?rest_route=%2Fwp%2Fv2%2Fmedia&parent=116"}],"curies":[{"name":"wp","href":"https:\/\/api.w.org\/{rel}","templated":true}]}}