{"id":112,"date":"2020-12-30T14:14:14","date_gmt":"2020-12-30T14:14:14","guid":{"rendered":"https:\/\/marefalva.ch\/?page_id=112"},"modified":"2021-06-05T14:23:46","modified_gmt":"2021-06-05T14:23:46","slug":"bewirtschaftungskonzept","status":"publish","type":"page","link":"https:\/\/marefalva.ch\/?page_id=112","title":{"rendered":"Bewirtschaftungskonzept"},"content":{"rendered":"\t\t<div data-elementor-type=\"wp-page\" data-elementor-id=\"112\" class=\"elementor elementor-112\">\n\t\t\t\t\t\t<div class=\"elementor-inner\">\n\t\t\t\t<div class=\"elementor-section-wrap\">\n\t\t\t\t\t\t\t\t\t<section class=\"elementor-section elementor-top-section elementor-element elementor-element-403ba7d elementor-section-stretched elementor-section-boxed elementor-section-height-default elementor-section-height-default\" data-id=\"403ba7d\" data-element_type=\"section\" data-settings=\"{&quot;stretch_section&quot;:&quot;section-stretched&quot;,&quot;background_background&quot;:&quot;classic&quot;}\">\n\t\t\t\t\t\t<div class=\"elementor-container elementor-column-gap-default\">\n\t\t\t\t\t\t\t<div class=\"elementor-row\">\n\t\t\t\t\t<div class=\"elementor-column elementor-col-100 elementor-top-column elementor-element elementor-element-792feaf\" data-id=\"792feaf\" data-element_type=\"column\">\n\t\t\t<div class=\"elementor-column-wrap elementor-element-populated\">\n\t\t\t\t\t\t\t<div class=\"elementor-widget-wrap\">\n\t\t\t\t\t\t<div class=\"elementor-element elementor-element-604368e elementor-widget elementor-widget-text-editor\" data-id=\"604368e\" data-element_type=\"widget\" data-widget_type=\"text-editor.default\">\n\t\t\t\t<div class=\"elementor-widget-container\">\n\t\t\t\t\t\t\t\t<div class=\"elementor-text-editor elementor-clearfix\">\n\t\t\t\t<p><br><\/p><p><br><\/p><p><br><\/p><p><br><\/p><p>Bewirtschaftungskonzept<\/p><p><br><\/p><p><br><\/p><p><br><\/p><p><br><\/p><p><br><\/p>\t\t\t\t\t<\/div>\n\t\t\t\t\t\t<\/div>\n\t\t\t\t<\/div>\n\t\t\t\t\t\t<\/div>\n\t\t\t\t\t<\/div>\n\t\t<\/div>\n\t\t\t\t\t\t\t\t<\/div>\n\t\t\t\t\t<\/div>\n\t\t<\/section>\n\t\t\t\t<section class=\"elementor-section elementor-top-section elementor-element elementor-element-a3aeec6 elementor-section-boxed elementor-section-height-default elementor-section-height-default\" data-id=\"a3aeec6\" data-element_type=\"section\">\n\t\t\t\t\t\t<div class=\"elementor-container elementor-column-gap-default\">\n\t\t\t\t\t\t\t<div class=\"elementor-row\">\n\t\t\t\t\t<div class=\"elementor-column elementor-col-100 elementor-top-column elementor-element elementor-element-6ac0bab\" data-id=\"6ac0bab\" data-element_type=\"column\">\n\t\t\t<div class=\"elementor-column-wrap elementor-element-populated\">\n\t\t\t\t\t\t\t<div class=\"elementor-widget-wrap\">\n\t\t\t\t\t\t<div class=\"elementor-element elementor-element-152cfd0 elementor-widget elementor-widget-text-editor\" data-id=\"152cfd0\" data-element_type=\"widget\" data-widget_type=\"text-editor.default\">\n\t\t\t\t<div class=\"elementor-widget-container\">\n\t\t\t\t\t\t\t\t<div class=\"elementor-text-editor elementor-clearfix\">\n\t\t\t\t<p><strong>a) Tiere<\/strong><\/p>\n<p>Das Gemeinschaftskonzept kann mit den jetzt im Dorf gehaltenen Tieren nicht sinnvoll realisiert werden, da sie ganz unterschiedlicher Herkunft sind und unterschiedlich gehalten werden, d.h. die Bauernbetriebe im Dorf k\u00f6nnen nicht einfach ihre jetzigen Tiere in den Gemeinschaftsstall \u00fcbergeben, sondern es braucht den Aufbau einer Herde, die an die vorgesehene F\u00fctterung angepasst ist und die als Zweinutzungsrasse einen guten Fleischertrag liefert. Dieses Ziel soll mit dem rum\u00e4nischen Rotfleckvieh erreicht werden.<\/p>\n<p>Zuchtentscheide werden im Rahmen des Zuchtleitbildes der Genossenschaft zwischen Bewirtschafter und Stallleiter gemeinsam getroffen. Die Tiere und der Nachwuchs bleiben im Besitz der Bewirtschafter.<\/p>\n<p>Wie der Link zwischen Futterlieferung (Menge, Qualit\u00e4t) und Futterverbrauch bzw. Produktion gel\u00f6st werden soll, kann sich nach verschiedenen bestehenden Modellen richten (z.B. Del Borsod\/HU, Schweizer Gemeinschaftsst\u00e4lle).<\/p><p><br><\/p>\t\t\t\t\t<\/div>\n\t\t\t\t\t\t<\/div>\n\t\t\t\t<\/div>\n\t\t\t\t<div class=\"elementor-element elementor-element-25c6269 elementor-widget elementor-widget-image\" data-id=\"25c6269\" data-element_type=\"widget\" data-widget_type=\"image.default\">\n\t\t\t\t<div class=\"elementor-widget-container\">\n\t\t\t\t\t\t\t\t<div class=\"elementor-image\">\n\t\t\t\t\t\t\t\t\t\t\t\t<img width=\"1000\" height=\"530\" src=\"https:\/\/marefalva.ch\/wp-content\/uploads\/2021\/01\/Rumaenien_Kuhherde_1-1000x530.jpg\" class=\"attachment-shapely-full size-shapely-full wp-image-984\" alt=\"\" loading=\"lazy\" \/>\t\t\t\t\t\t\t\t\t\t\t\t\t\t<\/div>\n\t\t\t\t\t\t<\/div>\n\t\t\t\t<\/div>\n\t\t\t\t<div class=\"elementor-element elementor-element-316a790 elementor-widget elementor-widget-spacer\" data-id=\"316a790\" data-element_type=\"widget\" data-widget_type=\"spacer.default\">\n\t\t\t\t<div class=\"elementor-widget-container\">\n\t\t\t\t\t<div class=\"elementor-spacer\">\n\t\t\t<div class=\"elementor-spacer-inner\"><\/div>\n\t\t<\/div>\n\t\t\t\t<\/div>\n\t\t\t\t<\/div>\n\t\t\t\t<div class=\"elementor-element elementor-element-7c7f0b6 elementor-widget elementor-widget-text-editor\" data-id=\"7c7f0b6\" data-element_type=\"widget\" data-widget_type=\"text-editor.default\">\n\t\t\t\t<div class=\"elementor-widget-container\">\n\t\t\t\t\t\t\t\t<div class=\"elementor-text-editor elementor-clearfix\">\n\t\t\t\t<p><strong>b) Stall<\/strong><\/p>\n<p>Vorgesehen ist der Bau eines Stalles f\u00fcr 70 erwachsene K\u00fche sowie die Nachzucht f\u00fcr 2 Jahre. <br><\/p><p>Die Planung orientiert sich an einem Schweizer Vorbild und hat einen Umfang von 2\u2018400 m2 zuz\u00fcglich Heulagerraum, Mistplatz f\u00fcr die Aufbereitung von gut verrottetem Mist, und ein Maschinenschopf.<\/p><p><br><\/p>\n<p><strong>c) Futterproduktion und Abgabe des Hofd\u00fcngers<\/strong><\/p>\n<p>Das eingebrachte Futter wird mit einer Br\u00fcckenwaage (Delta Gewicht Einfahrt-Ausfahrt) gewogen und in drei Kategorien eingeteilt (Futter f\u00fcr laktierende K\u00fche, Futter f\u00fcr Aufzucht und Galtk\u00fche, Mais und anderes Kraftfutter). <br><\/p>\n<p>Der Preis f\u00fcr diese drei Kategorien wird in Bezug auf \u00dcberlieferung bzw. Unterlieferung im Rahmen der Genossenschaftsversammlung demokratisch festgelegt. <br><\/p>\n<p>Die Menge des pro Bewirtschafter beziehbaren Hofd\u00fcngers richtet sich nach der Menge des eingelieferten Futters.<\/p>\n<p>Alternativ k\u00f6nnen Heuwiesen auch der Genossenschaft abgetreten werden, welche sie gegen einen orts\u00fcblichen Pachtzins bewirtschaftet.<\/p>\t\t\t\t\t<\/div>\n\t\t\t\t\t\t<\/div>\n\t\t\t\t<\/div>\n\t\t\t\t\t\t<\/div>\n\t\t\t\t\t<\/div>\n\t\t<\/div>\n\t\t\t\t\t\t\t\t<\/div>\n\t\t\t\t\t<\/div>\n\t\t<\/section>\n\t\t\t\t<section class=\"elementor-section elementor-top-section elementor-element elementor-element-c9b989b elementor-section-stretched elementor-section-boxed elementor-section-height-default elementor-section-height-default\" data-id=\"c9b989b\" data-element_type=\"section\" data-settings=\"{&quot;stretch_section&quot;:&quot;section-stretched&quot;,&quot;background_background&quot;:&quot;classic&quot;}\">\n\t\t\t\t\t\t<div class=\"elementor-container elementor-column-gap-default\">\n\t\t\t\t\t\t\t<div class=\"elementor-row\">\n\t\t\t\t\t<div class=\"elementor-column elementor-col-100 elementor-top-column elementor-element elementor-element-11b8082\" data-id=\"11b8082\" data-element_type=\"column\">\n\t\t\t<div class=\"elementor-column-wrap elementor-element-populated\">\n\t\t\t\t\t\t\t<div class=\"elementor-widget-wrap\">\n\t\t\t\t\t\t<div class=\"elementor-element elementor-element-ef60856 elementor-widget elementor-widget-spacer\" data-id=\"ef60856\" data-element_type=\"widget\" data-widget_type=\"spacer.default\">\n\t\t\t\t<div class=\"elementor-widget-container\">\n\t\t\t\t\t<div class=\"elementor-spacer\">\n\t\t\t<div class=\"elementor-spacer-inner\"><\/div>\n\t\t<\/div>\n\t\t\t\t<\/div>\n\t\t\t\t<\/div>\n\t\t\t\t\t\t<\/div>\n\t\t\t\t\t<\/div>\n\t\t<\/div>\n\t\t\t\t\t\t\t\t<\/div>\n\t\t\t\t\t<\/div>\n\t\t<\/section>\n\t\t\t\t<section class=\"elementor-section elementor-top-section elementor-element elementor-element-169ae12 elementor-section-boxed elementor-section-height-default elementor-section-height-default\" data-id=\"169ae12\" data-element_type=\"section\">\n\t\t\t\t\t\t<div class=\"elementor-container elementor-column-gap-default\">\n\t\t\t\t\t\t\t<div class=\"elementor-row\">\n\t\t\t\t\t<div class=\"elementor-column elementor-col-100 elementor-top-column elementor-element elementor-element-08703bb\" data-id=\"08703bb\" data-element_type=\"column\">\n\t\t\t<div class=\"elementor-column-wrap elementor-element-populated\">\n\t\t\t\t\t\t\t<div class=\"elementor-widget-wrap\">\n\t\t\t\t\t\t<div class=\"elementor-element elementor-element-3ba86a3 elementor-widget elementor-widget-text-editor\" data-id=\"3ba86a3\" data-element_type=\"widget\" data-widget_type=\"text-editor.default\">\n\t\t\t\t<div class=\"elementor-widget-container\">\n\t\t\t\t\t\t\t\t<div class=\"elementor-text-editor elementor-clearfix\">\n\t\t\t\t<p><strong>d) Bewirtschaftung<\/strong><\/p><ul><li>Verzicht auf Kunstd\u00fcngereinsatz und Pestizide (keine Biozertifizierung n\u00f6tig)<\/li><li>Verzicht auf Einebnung von Stufenrainen und weiteren Landschaftsstrukturen.<\/li><li>Im Durchschnitt mindestens 25% der Fl\u00e4che im Rahmen einer Fruchtfolge ackerbaulich genutzt, wovon mindestens 5% Mais.<\/li><li>J\u00e4hrliche Beratung obligatorisch (Aufwand: ca. 2 Tage, kostenlos f\u00fcr Bewirtschafter)<\/li><\/ul><p>Diese Bedingungen sollen zun\u00e4chst 6 Jahre gelten und werden jeweils f\u00fcr weitere 6 Jahre neu verhandelt.<\/p>\t\t\t\t\t<\/div>\n\t\t\t\t\t\t<\/div>\n\t\t\t\t<\/div>\n\t\t\t\t<section class=\"elementor-section elementor-inner-section elementor-element elementor-element-c56dd03 elementor-section-boxed elementor-section-height-default elementor-section-height-default\" data-id=\"c56dd03\" data-element_type=\"section\">\n\t\t\t\t\t\t<div class=\"elementor-container elementor-column-gap-default\">\n\t\t\t\t\t\t\t<div class=\"elementor-row\">\n\t\t\t\t\t<div class=\"elementor-column elementor-col-50 elementor-inner-column elementor-element elementor-element-f2ae108\" data-id=\"f2ae108\" data-element_type=\"column\">\n\t\t\t<div class=\"elementor-column-wrap elementor-element-populated\">\n\t\t\t\t\t\t\t<div class=\"elementor-widget-wrap\">\n\t\t\t\t\t\t<div class=\"elementor-element elementor-element-83e0a2f elementor-widget elementor-widget-image\" data-id=\"83e0a2f\" data-element_type=\"widget\" data-widget_type=\"image.default\">\n\t\t\t\t<div class=\"elementor-widget-container\">\n\t\t\t\t\t\t\t\t<div class=\"elementor-image\">\n\t\t\t\t\t\t\t\t\t\t\t\t<img width=\"683\" height=\"1024\" src=\"https:\/\/marefalva.ch\/wp-content\/uploads\/2021\/01\/Rumaenien_Wiesen_3-rotated-e1611310021278-683x1024.jpg\" class=\"attachment-large size-large wp-image-961\" alt=\"\" loading=\"lazy\" srcset=\"https:\/\/marefalva.ch\/wp-content\/uploads\/2021\/01\/Rumaenien_Wiesen_3-rotated-e1611310021278-683x1024.jpg 683w, https:\/\/marefalva.ch\/wp-content\/uploads\/2021\/01\/Rumaenien_Wiesen_3-rotated-e1611310021278-200x300.jpg 200w, https:\/\/marefalva.ch\/wp-content\/uploads\/2021\/01\/Rumaenien_Wiesen_3-rotated-e1611310021278-768x1152.jpg 768w, https:\/\/marefalva.ch\/wp-content\/uploads\/2021\/01\/Rumaenien_Wiesen_3-rotated-e1611310021278-77x116.jpg 77w, https:\/\/marefalva.ch\/wp-content\/uploads\/2021\/01\/Rumaenien_Wiesen_3-rotated-e1611310021278.jpg 1000w\" sizes=\"(max-width: 683px) 100vw, 683px\" \/>\t\t\t\t\t\t\t\t\t\t\t\t\t\t<\/div>\n\t\t\t\t\t\t<\/div>\n\t\t\t\t<\/div>\n\t\t\t\t\t\t<\/div>\n\t\t\t\t\t<\/div>\n\t\t<\/div>\n\t\t\t\t<div class=\"elementor-column elementor-col-50 elementor-inner-column elementor-element elementor-element-37691bf\" data-id=\"37691bf\" data-element_type=\"column\">\n\t\t\t<div class=\"elementor-column-wrap elementor-element-populated\">\n\t\t\t\t\t\t\t<div class=\"elementor-widget-wrap\">\n\t\t\t\t\t\t<div class=\"elementor-element elementor-element-da24770 elementor-widget elementor-widget-image\" data-id=\"da24770\" data-element_type=\"widget\" data-widget_type=\"image.default\">\n\t\t\t\t<div class=\"elementor-widget-container\">\n\t\t\t\t\t\t\t\t<div class=\"elementor-image\">\n\t\t\t\t\t\t\t\t\t\t\t\t<img width=\"683\" height=\"1024\" src=\"https:\/\/marefalva.ch\/wp-content\/uploads\/2021\/01\/Rumaenien_Blume_4-rotated-e1611310003142-683x1024.jpg\" class=\"attachment-large size-large wp-image-937\" alt=\"\" loading=\"lazy\" srcset=\"https:\/\/marefalva.ch\/wp-content\/uploads\/2021\/01\/Rumaenien_Blume_4-rotated-e1611310003142-683x1024.jpg 683w, https:\/\/marefalva.ch\/wp-content\/uploads\/2021\/01\/Rumaenien_Blume_4-rotated-e1611310003142-200x300.jpg 200w, https:\/\/marefalva.ch\/wp-content\/uploads\/2021\/01\/Rumaenien_Blume_4-rotated-e1611310003142-768x1152.jpg 768w, https:\/\/marefalva.ch\/wp-content\/uploads\/2021\/01\/Rumaenien_Blume_4-rotated-e1611310003142-77x116.jpg 77w, https:\/\/marefalva.ch\/wp-content\/uploads\/2021\/01\/Rumaenien_Blume_4-rotated-e1611310003142.jpg 1000w\" sizes=\"(max-width: 683px) 100vw, 683px\" \/>\t\t\t\t\t\t\t\t\t\t\t\t\t\t<\/div>\n\t\t\t\t\t\t<\/div>\n\t\t\t\t<\/div>\n\t\t\t\t\t\t<\/div>\n\t\t\t\t\t<\/div>\n\t\t<\/div>\n\t\t\t\t\t\t\t\t<\/div>\n\t\t\t\t\t<\/div>\n\t\t<\/section>\n\t\t\t\t<div class=\"elementor-element elementor-element-748068e elementor-widget elementor-widget-text-editor\" data-id=\"748068e\" data-element_type=\"widget\" data-widget_type=\"text-editor.default\">\n\t\t\t\t<div class=\"elementor-widget-container\">\n\t\t\t\t\t\t\t\t<div class=\"elementor-text-editor elementor-clearfix\">\n\t\t\t\t<p><strong>e) Weitere Dienstleistungen der Genossenschaft zugunsten der beteiligten Betriebe:<\/strong><\/p><p>Die Genossenschaft<\/p><ul><li>erledigt f\u00fcr die Mitglieder die Administration zur Erhaltung der Direktzahlungen und rechnet gemeinsam ab,<\/li><li>setzt sich f\u00fcr den Erhalt weiterer, an die hohe Biodiversit\u00e4t und die Hand- und Tierarbeit gekn\u00fcpfte Direktzahlungen Seitens der EU bzw. des Staates ein (Formulierung neuer Programme, (z.B. zielorientierter Biodiversit\u00e4tszahlungen),<\/li><li>setzt sich f\u00fcr eine bessere Arrondierung der Fl\u00e4chen auf freiwilliger Basis ein (Fl\u00e4chentausch aufgrund einfacher Bonitierung durch beigezogene Experten),<\/li><li>f\u00f6rdert mit Beratung, dem Aufbau eines Begleitprogramms und Vermarktung den Agrotourismus auf interessierten Betrieben.<\/li><\/ul>\t\t\t\t\t<\/div>\n\t\t\t\t\t\t<\/div>\n\t\t\t\t<\/div>\n\t\t\t\t\t\t<\/div>\n\t\t\t\t\t<\/div>\n\t\t<\/div>\n\t\t\t\t\t\t\t\t<\/div>\n\t\t\t\t\t<\/div>\n\t\t<\/section>\n\t\t\t\t<section class=\"elementor-section elementor-top-section elementor-element elementor-element-888780e elementor-section-stretched elementor-section-boxed elementor-section-height-default elementor-section-height-default\" data-id=\"888780e\" data-element_type=\"section\" data-settings=\"{&quot;stretch_section&quot;:&quot;section-stretched&quot;,&quot;background_background&quot;:&quot;classic&quot;}\">\n\t\t\t\t\t\t<div class=\"elementor-container elementor-column-gap-default\">\n\t\t\t\t\t\t\t<div class=\"elementor-row\">\n\t\t\t\t\t<div class=\"elementor-column elementor-col-100 elementor-top-column elementor-element elementor-element-7c30200\" data-id=\"7c30200\" data-element_type=\"column\">\n\t\t\t<div class=\"elementor-column-wrap elementor-element-populated\">\n\t\t\t\t\t\t\t<div class=\"elementor-widget-wrap\">\n\t\t\t\t\t\t<div class=\"elementor-element elementor-element-418d1c0 elementor-widget elementor-widget-spacer\" data-id=\"418d1c0\" data-element_type=\"widget\" data-widget_type=\"spacer.default\">\n\t\t\t\t<div class=\"elementor-widget-container\">\n\t\t\t\t\t<div class=\"elementor-spacer\">\n\t\t\t<div class=\"elementor-spacer-inner\"><\/div>\n\t\t<\/div>\n\t\t\t\t<\/div>\n\t\t\t\t<\/div>\n\t\t\t\t\t\t<\/div>\n\t\t\t\t\t<\/div>\n\t\t<\/div>\n\t\t\t\t\t\t\t\t<\/div>\n\t\t\t\t\t<\/div>\n\t\t<\/section>\n\t\t\t\t\t\t\t\t\t<\/div>\n\t\t\t<\/div>\n\t\t\t\t\t<\/div>\n\t\t","protected":false},"excerpt":{"rendered":"<p>Bewirtschaftungskonzept a) Tiere Das Gemeinschaftskonzept kann mit den jetzt im Dorf gehaltenen Tieren nicht sinnvoll realisiert werden, da sie ganz unterschiedlicher Herkunft sind und unterschiedlich gehalten werden, d.h. die Bauernbetriebe im Dorf k\u00f6nnen nicht einfach ihre jetzigen Tiere in den Gemeinschaftsstall \u00fcbergeben, sondern es braucht den Aufbau einer Herde, die an die vorgesehene F\u00fctterung angepasst<\/p>\n<div><a class=\"btn-filled btn\" href=\"https:\/\/marefalva.ch\/?page_id=112\" title=\"Bewirtschaftungskonzept\">Read More<\/a><\/div>\n","protected":false},"author":1,"featured_media":0,"parent":0,"menu_order":0,"comment_status":"closed","ping_status":"closed","template":"elementor_header_footer","meta":{"spay_email":""},"_links":{"self":[{"href":"https:\/\/marefalva.ch\/index.php?rest_route=\/wp\/v2\/pages\/112"}],"collection":[{"href":"https:\/\/marefalva.ch\/index.php?rest_route=\/wp\/v2\/pages"}],"about":[{"href":"https:\/\/marefalva.ch\/index.php?rest_route=\/wp\/v2\/types\/page"}],"author":[{"embeddable":true,"href":"https:\/\/marefalva.ch\/index.php?rest_route=\/wp\/v2\/users\/1"}],"replies":[{"embeddable":true,"href":"https:\/\/marefalva.ch\/index.php?rest_route=%2Fwp%2Fv2%2Fcomments&post=112"}],"version-history":[{"count":50,"href":"https:\/\/marefalva.ch\/index.php?rest_route=\/wp\/v2\/pages\/112\/revisions"}],"predecessor-version":[{"id":1493,"href":"https:\/\/marefalva.ch\/index.php?rest_route=\/wp\/v2\/pages\/112\/revisions\/1493"}],"wp:attachment":[{"href":"https:\/\/marefalva.ch\/index.php?rest_route=%2Fwp%2Fv2%2Fmedia&parent=112"}],"curies":[{"name":"wp","href":"https:\/\/api.w.org\/{rel}","templated":true}]}}