{"id":109,"date":"2020-12-30T14:12:13","date_gmt":"2020-12-30T14:12:13","guid":{"rendered":"https:\/\/marefalva.ch\/?page_id=109"},"modified":"2021-06-05T14:22:36","modified_gmt":"2021-06-05T14:22:36","slug":"voraussetzungen-seitens-vision-landwirtschaft","status":"publish","type":"page","link":"https:\/\/marefalva.ch\/?page_id=109","title":{"rendered":"Anforderungen an die Nachhaltigkeit"},"content":{"rendered":"\t\t<div data-elementor-type=\"wp-page\" data-elementor-id=\"109\" class=\"elementor elementor-109\">\n\t\t\t\t\t\t<div class=\"elementor-inner\">\n\t\t\t\t<div class=\"elementor-section-wrap\">\n\t\t\t\t\t\t\t\t\t<section class=\"elementor-section elementor-top-section elementor-element elementor-element-0b5ae0d elementor-section-stretched elementor-section-boxed elementor-section-height-default elementor-section-height-default\" data-id=\"0b5ae0d\" data-element_type=\"section\" data-settings=\"{&quot;stretch_section&quot;:&quot;section-stretched&quot;,&quot;background_background&quot;:&quot;classic&quot;}\">\n\t\t\t\t\t\t<div class=\"elementor-container elementor-column-gap-default\">\n\t\t\t\t\t\t\t<div class=\"elementor-row\">\n\t\t\t\t\t<div class=\"elementor-column elementor-col-100 elementor-top-column elementor-element elementor-element-e4db33c\" data-id=\"e4db33c\" data-element_type=\"column\">\n\t\t\t<div class=\"elementor-column-wrap elementor-element-populated\">\n\t\t\t\t\t\t\t<div class=\"elementor-widget-wrap\">\n\t\t\t\t\t\t<div class=\"elementor-element elementor-element-e483108 elementor-widget elementor-widget-text-editor\" data-id=\"e483108\" data-element_type=\"widget\" data-widget_type=\"text-editor.default\">\n\t\t\t\t<div class=\"elementor-widget-container\">\n\t\t\t\t\t\t\t\t<div class=\"elementor-text-editor elementor-clearfix\">\n\t\t\t\t<p><br><\/p><p><br><\/p><p><br><\/p><p><br><\/p><p>Anforderungen an die Nachhaltigkeit<\/p><p><br><\/p><p><br><\/p><p><br><\/p><p><br><\/p>\t\t\t\t\t<\/div>\n\t\t\t\t\t\t<\/div>\n\t\t\t\t<\/div>\n\t\t\t\t<div class=\"elementor-element elementor-element-c1108a2 elementor-widget elementor-widget-text-editor\" data-id=\"c1108a2\" data-element_type=\"widget\" data-widget_type=\"text-editor.default\">\n\t\t\t\t<div class=\"elementor-widget-container\">\n\t\t\t\t\t\t\t\t<div class=\"elementor-text-editor elementor-clearfix\">\n\t\t\t\t\t\t\t\t\t<\/div>\n\t\t\t\t\t\t<\/div>\n\t\t\t\t<\/div>\n\t\t\t\t\t\t<\/div>\n\t\t\t\t\t<\/div>\n\t\t<\/div>\n\t\t\t\t\t\t\t\t<\/div>\n\t\t\t\t\t<\/div>\n\t\t<\/section>\n\t\t\t\t<section class=\"elementor-section elementor-top-section elementor-element elementor-element-6f5b0f9 elementor-section-boxed elementor-section-height-default elementor-section-height-default\" data-id=\"6f5b0f9\" data-element_type=\"section\">\n\t\t\t\t\t\t<div class=\"elementor-container elementor-column-gap-default\">\n\t\t\t\t\t\t\t<div class=\"elementor-row\">\n\t\t\t\t\t<div class=\"elementor-column elementor-col-100 elementor-top-column elementor-element elementor-element-89426a3\" data-id=\"89426a3\" data-element_type=\"column\">\n\t\t\t<div class=\"elementor-column-wrap elementor-element-populated\">\n\t\t\t\t\t\t\t<div class=\"elementor-widget-wrap\">\n\t\t\t\t\t\t<section class=\"elementor-section elementor-inner-section elementor-element elementor-element-3b93967 elementor-section-boxed elementor-section-height-default elementor-section-height-default\" data-id=\"3b93967\" data-element_type=\"section\">\n\t\t\t\t\t\t<div class=\"elementor-container elementor-column-gap-default\">\n\t\t\t\t\t\t\t<div class=\"elementor-row\">\n\t\t\t\t\t<div class=\"elementor-column elementor-col-50 elementor-inner-column elementor-element elementor-element-fdc6a0b\" data-id=\"fdc6a0b\" data-element_type=\"column\">\n\t\t\t<div class=\"elementor-column-wrap elementor-element-populated\">\n\t\t\t\t\t\t\t<div class=\"elementor-widget-wrap\">\n\t\t\t\t\t\t<div class=\"elementor-element elementor-element-1c6a6e3 elementor-widget elementor-widget-image\" data-id=\"1c6a6e3\" data-element_type=\"widget\" data-widget_type=\"image.default\">\n\t\t\t\t<div class=\"elementor-widget-container\">\n\t\t\t\t\t\t\t\t<div class=\"elementor-image\">\n\t\t\t\t\t\t\t\t\t\t\t\t<img width=\"1000\" height=\"666\" src=\"https:\/\/marefalva.ch\/wp-content\/uploads\/2021\/01\/Rumaenien_Neuntoeter_1.jpg\" class=\"attachment-large size-large wp-image-987\" alt=\"\" loading=\"lazy\" srcset=\"https:\/\/marefalva.ch\/wp-content\/uploads\/2021\/01\/Rumaenien_Neuntoeter_1.jpg 1000w, https:\/\/marefalva.ch\/wp-content\/uploads\/2021\/01\/Rumaenien_Neuntoeter_1-300x200.jpg 300w, https:\/\/marefalva.ch\/wp-content\/uploads\/2021\/01\/Rumaenien_Neuntoeter_1-768x511.jpg 768w, https:\/\/marefalva.ch\/wp-content\/uploads\/2021\/01\/Rumaenien_Neuntoeter_1-174x116.jpg 174w\" sizes=\"(max-width: 1000px) 100vw, 1000px\" \/>\t\t\t\t\t\t\t\t\t\t\t\t\t\t<\/div>\n\t\t\t\t\t\t<\/div>\n\t\t\t\t<\/div>\n\t\t\t\t\t\t<\/div>\n\t\t\t\t\t<\/div>\n\t\t<\/div>\n\t\t\t\t<div class=\"elementor-column elementor-col-50 elementor-inner-column elementor-element elementor-element-85bc8ac\" data-id=\"85bc8ac\" data-element_type=\"column\">\n\t\t\t<div class=\"elementor-column-wrap elementor-element-populated\">\n\t\t\t\t\t\t\t<div class=\"elementor-widget-wrap\">\n\t\t\t\t\t\t<div class=\"elementor-element elementor-element-0928a94 elementor-widget elementor-widget-image\" data-id=\"0928a94\" data-element_type=\"widget\" data-widget_type=\"image.default\">\n\t\t\t\t<div class=\"elementor-widget-container\">\n\t\t\t\t\t\t\t\t<div class=\"elementor-image\">\n\t\t\t\t\t\t\t\t\t\t\t\t<img width=\"1000\" height=\"666\" src=\"https:\/\/marefalva.ch\/wp-content\/uploads\/2021\/01\/Rumaenien_Blume_6.jpg\" class=\"attachment-large size-large wp-image-1101\" alt=\"\" loading=\"lazy\" srcset=\"https:\/\/marefalva.ch\/wp-content\/uploads\/2021\/01\/Rumaenien_Blume_6.jpg 1000w, https:\/\/marefalva.ch\/wp-content\/uploads\/2021\/01\/Rumaenien_Blume_6-300x200.jpg 300w, https:\/\/marefalva.ch\/wp-content\/uploads\/2021\/01\/Rumaenien_Blume_6-768x511.jpg 768w, https:\/\/marefalva.ch\/wp-content\/uploads\/2021\/01\/Rumaenien_Blume_6-174x116.jpg 174w\" sizes=\"(max-width: 1000px) 100vw, 1000px\" \/>\t\t\t\t\t\t\t\t\t\t\t\t\t\t<\/div>\n\t\t\t\t\t\t<\/div>\n\t\t\t\t<\/div>\n\t\t\t\t\t\t<\/div>\n\t\t\t\t\t<\/div>\n\t\t<\/div>\n\t\t\t\t\t\t\t\t<\/div>\n\t\t\t\t\t<\/div>\n\t\t<\/section>\n\t\t\t\t<div class=\"elementor-element elementor-element-ddc8eaa elementor-widget elementor-widget-text-editor\" data-id=\"ddc8eaa\" data-element_type=\"widget\" data-widget_type=\"text-editor.default\">\n\t\t\t\t<div class=\"elementor-widget-container\">\n\t\t\t\t\t\t\t\t<div class=\"elementor-text-editor elementor-clearfix\">\n\t\t\t\t<p>Als Voraussetzung f\u00fcr die aktive Unterst\u00fctzung durch Vision Landwirtschaft sind gemeinsam definierte Kriterien der soziokulturellen, \u00f6kologischen und \u00f6konomischen Nachhaltigkeit einzuhalten. Dazu geh\u00f6ren insbesondere:<\/p><ul><li>Die \u201eGenossenschaft\u201c und ihre zuliefernden Mitglieder verpflichten sich zu einer biologisch-organischen Produktion.<\/li><li>Auf Futter- und D\u00fcngerzukauf von ausserhalb M\u00e1r\u00e9falva wird bis auf Mineralsalze sowie Heu in Jahren stark verminderter Produktion verzichtet.<\/li><li>Die Tierhaltungsstandards werden gemeinsam gem\u00e4ss den besten Labels festgelegt (regelm\u00e4ssiger Auslauf, Laufstall, weidebasierte Haltung, keine Enthornung, muttergebundene K\u00e4lberaufzucht, weitgehender Verzicht auf Antibiotika etc.).<\/li><li>Die Bewirtschaftung erh\u00e4lt und sichert die gegenw\u00e4rtig hohe Biodiversit\u00e4t (inkl. alte \/ traditionelle Rassen und Sorten) und Landschaftsqualit\u00e4t.<\/li><li>Es werden bei den Rindern prim\u00e4r einheimische Zweinutzungsrassen gehalten (Fleisch und Milch).<\/li><li>Die Entscheide sollen gemeinsam zwischen allen Beteiligten im Konsens getroffen werden.<\/li><li>Die L\u00f6sungen sollen Mehrwerte f\u00fcr m\u00f6glichst viele Bereiche schaffen (Win-win-Situationen z.B. gleichzeitig f\u00fcr die Bauern des Dorfes, f\u00fcr die Bev\u00f6lkerung, f\u00fcr Natur und Landschaft).<\/li><li>Das Projekt hat den Charakter eines Pilotprojektes, das f\u00fcr andere Regionen in Rum\u00e4nien ebenso angewandt werden kann und idealerweise wird. Die Kommunikation wird entsprechend gestaltet.<\/li><li>F\u00fcr Unitis Agricultural Cooperative steht die Erhaltung einer kleinb\u00e4uerlichen landwirtschaftlichen Produktionsstruktur im Vordergrund<ul><li>a) zur Erhaltung von lokalen Arbeitspl\u00e4tzen auf der Basis einer nachhaltigen Nutzung der lokalen nat\u00fcrlichen Ressourcen,<\/li><li>b) zur Bewahrung traditioneller, noch heute sinnvoller und dennoch rasch verschwindender landwirtschaftlicher Produktionsweisen, und<\/li><li>c) zur Erhaltung einer nachhaltigen, die \u00e4usserst hohen Naturwerte der Region bewahrenden Bewirtschaftung nach wirtschaftlich <br \/>selbsttragenden Prinzipien.<\/li><\/ul><\/li><\/ul>\t\t\t\t\t<\/div>\n\t\t\t\t\t\t<\/div>\n\t\t\t\t<\/div>\n\t\t\t\t<div class=\"elementor-element elementor-element-720ce4c elementor-widget elementor-widget-image\" data-id=\"720ce4c\" data-element_type=\"widget\" data-widget_type=\"image.default\">\n\t\t\t\t<div class=\"elementor-widget-container\">\n\t\t\t\t\t\t\t\t<div class=\"elementor-image\">\n\t\t\t\t\t\t\t\t\t\t\t\t<img width=\"1000\" height=\"666\" src=\"https:\/\/marefalva.ch\/wp-content\/uploads\/2021\/01\/Rumaenien_Stall-mit-Kuh.jpg\" class=\"attachment-large size-large wp-image-1110\" alt=\"\" loading=\"lazy\" srcset=\"https:\/\/marefalva.ch\/wp-content\/uploads\/2021\/01\/Rumaenien_Stall-mit-Kuh.jpg 1000w, https:\/\/marefalva.ch\/wp-content\/uploads\/2021\/01\/Rumaenien_Stall-mit-Kuh-300x200.jpg 300w, https:\/\/marefalva.ch\/wp-content\/uploads\/2021\/01\/Rumaenien_Stall-mit-Kuh-768x511.jpg 768w, https:\/\/marefalva.ch\/wp-content\/uploads\/2021\/01\/Rumaenien_Stall-mit-Kuh-174x116.jpg 174w\" sizes=\"(max-width: 1000px) 100vw, 1000px\" \/>\t\t\t\t\t\t\t\t\t\t\t\t\t\t<\/div>\n\t\t\t\t\t\t<\/div>\n\t\t\t\t<\/div>\n\t\t\t\t\t\t<\/div>\n\t\t\t\t\t<\/div>\n\t\t<\/div>\n\t\t\t\t\t\t\t\t<\/div>\n\t\t\t\t\t<\/div>\n\t\t<\/section>\n\t\t\t\t<section class=\"elementor-section elementor-top-section elementor-element elementor-element-434fa9c elementor-section-stretched elementor-section-boxed elementor-section-height-default elementor-section-height-default\" data-id=\"434fa9c\" data-element_type=\"section\" data-settings=\"{&quot;stretch_section&quot;:&quot;section-stretched&quot;,&quot;background_background&quot;:&quot;classic&quot;}\">\n\t\t\t\t\t\t<div class=\"elementor-container elementor-column-gap-default\">\n\t\t\t\t\t\t\t<div class=\"elementor-row\">\n\t\t\t\t\t<div class=\"elementor-column elementor-col-100 elementor-top-column elementor-element elementor-element-7adc4c3\" data-id=\"7adc4c3\" data-element_type=\"column\">\n\t\t\t<div class=\"elementor-column-wrap elementor-element-populated\">\n\t\t\t\t\t\t\t<div class=\"elementor-widget-wrap\">\n\t\t\t\t\t\t<div class=\"elementor-element elementor-element-3158c66 elementor-widget elementor-widget-spacer\" data-id=\"3158c66\" data-element_type=\"widget\" data-widget_type=\"spacer.default\">\n\t\t\t\t<div class=\"elementor-widget-container\">\n\t\t\t\t\t<div class=\"elementor-spacer\">\n\t\t\t<div class=\"elementor-spacer-inner\"><\/div>\n\t\t<\/div>\n\t\t\t\t<\/div>\n\t\t\t\t<\/div>\n\t\t\t\t\t\t<\/div>\n\t\t\t\t\t<\/div>\n\t\t<\/div>\n\t\t\t\t\t\t\t\t<\/div>\n\t\t\t\t\t<\/div>\n\t\t<\/section>\n\t\t\t\t\t\t\t\t\t<\/div>\n\t\t\t<\/div>\n\t\t\t\t\t<\/div>\n\t\t","protected":false},"excerpt":{"rendered":"<p>Anforderungen an die Nachhaltigkeit Als Voraussetzung f\u00fcr die aktive Unterst\u00fctzung durch Vision Landwirtschaft sind gemeinsam definierte Kriterien der soziokulturellen, \u00f6kologischen und \u00f6konomischen Nachhaltigkeit einzuhalten. Dazu geh\u00f6ren insbesondere: Die \u201eGenossenschaft\u201c und ihre zuliefernden Mitglieder verpflichten sich zu einer biologisch-organischen Produktion. Auf Futter- und D\u00fcngerzukauf von ausserhalb M\u00e1r\u00e9falva wird bis auf Mineralsalze sowie Heu in Jahren stark<\/p>\n<div><a class=\"btn-filled btn\" href=\"https:\/\/marefalva.ch\/?page_id=109\" title=\"Anforderungen an die Nachhaltigkeit\">Read More<\/a><\/div>\n","protected":false},"author":1,"featured_media":0,"parent":14,"menu_order":0,"comment_status":"closed","ping_status":"closed","template":"elementor_header_footer","meta":{"spay_email":""},"_links":{"self":[{"href":"https:\/\/marefalva.ch\/index.php?rest_route=\/wp\/v2\/pages\/109"}],"collection":[{"href":"https:\/\/marefalva.ch\/index.php?rest_route=\/wp\/v2\/pages"}],"about":[{"href":"https:\/\/marefalva.ch\/index.php?rest_route=\/wp\/v2\/types\/page"}],"author":[{"embeddable":true,"href":"https:\/\/marefalva.ch\/index.php?rest_route=\/wp\/v2\/users\/1"}],"replies":[{"embeddable":true,"href":"https:\/\/marefalva.ch\/index.php?rest_route=%2Fwp%2Fv2%2Fcomments&post=109"}],"version-history":[{"count":36,"href":"https:\/\/marefalva.ch\/index.php?rest_route=\/wp\/v2\/pages\/109\/revisions"}],"predecessor-version":[{"id":1487,"href":"https:\/\/marefalva.ch\/index.php?rest_route=\/wp\/v2\/pages\/109\/revisions\/1487"}],"up":[{"embeddable":true,"href":"https:\/\/marefalva.ch\/index.php?rest_route=\/wp\/v2\/pages\/14"}],"wp:attachment":[{"href":"https:\/\/marefalva.ch\/index.php?rest_route=%2Fwp%2Fv2%2Fmedia&parent=109"}],"curies":[{"name":"wp","href":"https:\/\/api.w.org\/{rel}","templated":true}]}}